
{"id":5000,"date":"2020-06-03T18:03:11","date_gmt":"2020-06-03T22:03:11","guid":{"rendered":"https:\/\/fluidsiq.com\/?post_type=product&#038;p=5000"},"modified":"2025-01-02T09:39:09","modified_gmt":"2025-01-02T14:39:09","slug":"female-wellness-2","status":"publish","type":"product","link":"https:\/\/fluidsiq.com\/fr\/produit\/female-wellness-2\/","title":{"rendered":"Bien-\u00eatre femme"},"content":{"rendered":"","protected":false},"excerpt":{"rendered":"<p><a id=\"prod-name\">  <\/a><\/p>\n<p style=\"font-size: 16px; font-weight: 400;\">Tous nos tests bien-\u00eatre femme sont d\u00e9sign\u00e9s pour des femmes cherchant le balancement des hormones optimal, peu importe l'\u00e2ge.  FLUIDS iQ offre trois types de tests bien-\u00eatre femme. Chacun fournit une analyse des niveaux d'hormones des m\u00eames hormones sexuelles, la diff\u00e9rence \u00e9tant la quantit\u00e9 de Cortisol mesur\u00e9 dans chacun d'entre eux.<\/p>\n<p style=\"font-size: 16px; font-weight: 400;\">Ce test anaylise les niveaux de: <strong>Progest\u00e8rone, Estradiol, le ratio Progest\u00e8rone: Estradiol, Testost\u00e9rone, DHEA-S, Cortisol (AM)<\/strong><br \/>\nM\u00e9thode de pr\u00e9l\u00e8vement de l'\u00e9chantillon <strong>salive<\/strong><\/p>","protected":false},"featured_media":4784,"template":"","meta":[],"product_brand":[],"product_cat":[102],"product_tag":[312,239],"class_list":{"0":"post-5000","1":"product","2":"type-product","3":"status-publish","4":"has-post-thumbnail","6":"product_cat-hormones","7":"product_tag-fluids_products_hcp","8":"product_tag-fw-hcp","10":"first","11":"instock","12":"taxable","13":"shipping-taxable","14":"product-type-simple"},"yoast_head":"<!-- This site is optimized with the Yoast SEO plugin v27.2 - https:\/\/yoast.com\/product\/yoast-seo-wordpress\/ -->\n<title>Female Wellness - FLUIDS iQ<\/title>\n<meta name=\"robots\" content=\"index, follow, max-snippet:-1, max-image-preview:large, max-video-preview:-1\" \/>\n<link rel=\"canonical\" href=\"https:\/\/fluidsiq.com\/fr\/produit\/female-wellness-2\/\" \/>\n<meta property=\"og:locale\" content=\"fr_FR\" \/>\n<meta property=\"og:type\" content=\"article\" \/>\n<meta property=\"og:title\" content=\"Female Wellness - FLUIDS iQ\" \/>\n<meta property=\"og:description\" content=\"All our Female Wellness tests are designed for women seeking optimal hormonal balance, regardless of age. FLUIDS iQ offers three kinds of Female Wellness tests. Each one provides an analysis of the levels of the same sex hormones, the difference is the amount of Cortisol tested in each. This test analyzes levels of: Progesterone, Estradiol, The Progesterone: Estradiol Ratio, Testosterone, DHEA-S, Cortisol (AM) Sample collection method: Saliva\" \/>\n<meta property=\"og:url\" content=\"https:\/\/fluidsiq.com\/fr\/produit\/female-wellness-2\/\" \/>\n<meta property=\"og:site_name\" content=\"FLUIDS iQ\" \/>\n<meta property=\"article:modified_time\" content=\"2025-01-02T14:39:09+00:00\" \/>\n<meta property=\"og:image\" content=\"https:\/\/fluidsiq.com\/wp-content\/uploads\/2020\/06\/letter-h-blue_smaller.png\" \/>\n\t<meta property=\"og:image:width\" content=\"512\" \/>\n\t<meta property=\"og:image:height\" content=\"512\" \/>\n\t<meta property=\"og:image:type\" content=\"image\/png\" \/>\n<meta name=\"twitter:card\" content=\"summary_large_image\" \/>\n<meta name=\"twitter:label1\" content=\"Dur\u00e9e de lecture estim\u00e9e\" \/>\n\t<meta name=\"twitter:data1\" content=\"1 minute\" \/>\n<script type=\"application\/ld+json\" class=\"yoast-schema-graph\">{\"@context\":\"https:\/\/schema.org\",\"@graph\":[{\"@type\":\"WebPage\",\"@id\":\"https:\/\/fluidsiq.com\/product\/female-wellness-2\/\",\"url\":\"https:\/\/fluidsiq.com\/product\/female-wellness-2\/\",\"name\":\"Female Wellness - FLUIDS iQ\",\"isPartOf\":{\"@id\":\"https:\/\/fluidsiq.com\/#website\"},\"primaryImageOfPage\":{\"@id\":\"https:\/\/fluidsiq.com\/product\/female-wellness-2\/#primaryimage\"},\"image\":{\"@id\":\"https:\/\/fluidsiq.com\/product\/female-wellness-2\/#primaryimage\"},\"thumbnailUrl\":\"https:\/\/fluidsiq.com\/wp-content\/uploads\/2020\/06\/letter-h-blue_smaller.png\",\"datePublished\":\"2020-06-03T22:03:11+00:00\",\"dateModified\":\"2025-01-02T14:39:09+00:00\",\"breadcrumb\":{\"@id\":\"https:\/\/fluidsiq.com\/product\/female-wellness-2\/#breadcrumb\"},\"inLanguage\":\"fr-FR\",\"potentialAction\":[{\"@type\":\"ReadAction\",\"target\":[\"https:\/\/fluidsiq.com\/product\/female-wellness-2\/\"]}]},{\"@type\":\"ImageObject\",\"inLanguage\":\"fr-FR\",\"@id\":\"https:\/\/fluidsiq.com\/product\/female-wellness-2\/#primaryimage\",\"url\":\"https:\/\/fluidsiq.com\/wp-content\/uploads\/2020\/06\/letter-h-blue_smaller.png\",\"contentUrl\":\"https:\/\/fluidsiq.com\/wp-content\/uploads\/2020\/06\/letter-h-blue_smaller.png\",\"width\":512,\"height\":512},{\"@type\":\"BreadcrumbList\",\"@id\":\"https:\/\/fluidsiq.com\/product\/female-wellness-2\/#breadcrumb\",\"itemListElement\":[{\"@type\":\"ListItem\",\"position\":1,\"name\":\"Home\",\"item\":\"https:\/\/fluidsiq.com\/\"},{\"@type\":\"ListItem\",\"position\":2,\"name\":\"Buy Now\",\"item\":\"https:\/\/fluidsiq.com\/buy-now\/\"},{\"@type\":\"ListItem\",\"position\":3,\"name\":\"Female Wellness\"}]},{\"@type\":\"WebSite\",\"@id\":\"https:\/\/fluidsiq.com\/#website\",\"url\":\"https:\/\/fluidsiq.com\/\",\"name\":\"FLUIDS iQ\",\"description\":\"WELCOME TO FLUIDS iQ... Canada&#039;s Wellness Laboratory\u2122\",\"publisher\":{\"@id\":\"https:\/\/fluidsiq.com\/#organization\"},\"potentialAction\":[{\"@type\":\"SearchAction\",\"target\":{\"@type\":\"EntryPoint\",\"urlTemplate\":\"https:\/\/fluidsiq.com\/?s={search_term_string}\"},\"query-input\":{\"@type\":\"PropertyValueSpecification\",\"valueRequired\":true,\"valueName\":\"search_term_string\"}}],\"inLanguage\":\"fr-FR\"},{\"@type\":\"Organization\",\"@id\":\"https:\/\/fluidsiq.com\/#organization\",\"name\":\"FLUIDS iQ Inc.\",\"url\":\"https:\/\/fluidsiq.com\/\",\"logo\":{\"@type\":\"ImageObject\",\"inLanguage\":\"fr-FR\",\"@id\":\"https:\/\/fluidsiq.com\/#\/schema\/logo\/image\/\",\"url\":\"https:\/\/fluidsiq.com\/wp-content\/uploads\/2019\/09\/Logo_Woocom_new.jpg\",\"contentUrl\":\"https:\/\/fluidsiq.com\/wp-content\/uploads\/2019\/09\/Logo_Woocom_new.jpg\",\"width\":400,\"height\":400,\"caption\":\"FLUIDS iQ Inc.\"},\"image\":{\"@id\":\"https:\/\/fluidsiq.com\/#\/schema\/logo\/image\/\"},\"sameAs\":[\"https:\/\/www.youtube.com\/channel\/UCrURYdZtQTajmjHhJFP6sLg\"]}]}<\/script>\n<!-- \/ Yoast SEO plugin. -->","yoast_head_json":{"title":"Female Wellness - FLUIDS iQ","robots":{"index":"index","follow":"follow","max-snippet":"max-snippet:-1","max-image-preview":"max-image-preview:large","max-video-preview":"max-video-preview:-1"},"canonical":"https:\/\/fluidsiq.com\/fr\/produit\/female-wellness-2\/","og_locale":"fr_FR","og_type":"article","og_title":"Female Wellness - FLUIDS iQ","og_description":"All our Female Wellness tests are designed for women seeking optimal hormonal balance, regardless of age. FLUIDS iQ offers three kinds of Female Wellness tests. Each one provides an analysis of the levels of the same sex hormones, the difference is the amount of Cortisol tested in each. This test analyzes levels of: Progesterone, Estradiol, The Progesterone: Estradiol Ratio, Testosterone, DHEA-S, Cortisol (AM) Sample collection method: Saliva","og_url":"https:\/\/fluidsiq.com\/fr\/produit\/female-wellness-2\/","og_site_name":"FLUIDS iQ","article_modified_time":"2025-01-02T14:39:09+00:00","og_image":[{"width":512,"height":512,"url":"https:\/\/fluidsiq.com\/wp-content\/uploads\/2020\/06\/letter-h-blue_smaller.png","type":"image\/png"}],"twitter_card":"summary_large_image","twitter_misc":{"Dur\u00e9e de lecture estim\u00e9e":"1 minute"},"schema":{"@context":"https:\/\/schema.org","@graph":[{"@type":"WebPage","@id":"https:\/\/fluidsiq.com\/product\/female-wellness-2\/","url":"https:\/\/fluidsiq.com\/product\/female-wellness-2\/","name":"Female Wellness - FLUIDS iQ","isPartOf":{"@id":"https:\/\/fluidsiq.com\/#website"},"primaryImageOfPage":{"@id":"https:\/\/fluidsiq.com\/product\/female-wellness-2\/#primaryimage"},"image":{"@id":"https:\/\/fluidsiq.com\/product\/female-wellness-2\/#primaryimage"},"thumbnailUrl":"https:\/\/fluidsiq.com\/wp-content\/uploads\/2020\/06\/letter-h-blue_smaller.png","datePublished":"2020-06-03T22:03:11+00:00","dateModified":"2025-01-02T14:39:09+00:00","breadcrumb":{"@id":"https:\/\/fluidsiq.com\/product\/female-wellness-2\/#breadcrumb"},"inLanguage":"fr-FR","potentialAction":[{"@type":"ReadAction","target":["https:\/\/fluidsiq.com\/product\/female-wellness-2\/"]}]},{"@type":"ImageObject","inLanguage":"fr-FR","@id":"https:\/\/fluidsiq.com\/product\/female-wellness-2\/#primaryimage","url":"https:\/\/fluidsiq.com\/wp-content\/uploads\/2020\/06\/letter-h-blue_smaller.png","contentUrl":"https:\/\/fluidsiq.com\/wp-content\/uploads\/2020\/06\/letter-h-blue_smaller.png","width":512,"height":512},{"@type":"BreadcrumbList","@id":"https:\/\/fluidsiq.com\/product\/female-wellness-2\/#breadcrumb","itemListElement":[{"@type":"ListItem","position":1,"name":"Home","item":"https:\/\/fluidsiq.com\/"},{"@type":"ListItem","position":2,"name":"Buy Now","item":"https:\/\/fluidsiq.com\/buy-now\/"},{"@type":"ListItem","position":3,"name":"Female Wellness"}]},{"@type":"WebSite","@id":"https:\/\/fluidsiq.com\/#website","url":"https:\/\/fluidsiq.com\/","name":"FLUIDS iQ","description":"WELCOME TO FLUIDS iQ... Canada&#039;s Wellness Laboratory\u2122","publisher":{"@id":"https:\/\/fluidsiq.com\/#organization"},"potentialAction":[{"@type":"SearchAction","target":{"@type":"EntryPoint","urlTemplate":"https:\/\/fluidsiq.com\/?s={search_term_string}"},"query-input":{"@type":"PropertyValueSpecification","valueRequired":true,"valueName":"search_term_string"}}],"inLanguage":"fr-FR"},{"@type":"Organization","@id":"https:\/\/fluidsiq.com\/#organization","name":"FLUIDS iQ Inc.","url":"https:\/\/fluidsiq.com\/","logo":{"@type":"ImageObject","inLanguage":"fr-FR","@id":"https:\/\/fluidsiq.com\/#\/schema\/logo\/image\/","url":"https:\/\/fluidsiq.com\/wp-content\/uploads\/2019\/09\/Logo_Woocom_new.jpg","contentUrl":"https:\/\/fluidsiq.com\/wp-content\/uploads\/2019\/09\/Logo_Woocom_new.jpg","width":400,"height":400,"caption":"FLUIDS iQ Inc."},"image":{"@id":"https:\/\/fluidsiq.com\/#\/schema\/logo\/image\/"},"sameAs":["https:\/\/www.youtube.com\/channel\/UCrURYdZtQTajmjHhJFP6sLg"]}]}},"_links":{"self":[{"href":"https:\/\/fluidsiq.com\/fr\/wp-json\/wp\/v2\/product\/5000","targetHints":{"allow":["GET"]}}],"collection":[{"href":"https:\/\/fluidsiq.com\/fr\/wp-json\/wp\/v2\/product"}],"about":[{"href":"https:\/\/fluidsiq.com\/fr\/wp-json\/wp\/v2\/types\/product"}],"version-history":[{"count":0,"href":"https:\/\/fluidsiq.com\/fr\/wp-json\/wp\/v2\/product\/5000\/revisions"}],"wp:featuredmedia":[{"embeddable":true,"href":"https:\/\/fluidsiq.com\/fr\/wp-json\/wp\/v2\/media\/4784"}],"wp:attachment":[{"href":"https:\/\/fluidsiq.com\/fr\/wp-json\/wp\/v2\/media?parent=5000"}],"wp:term":[{"taxonomy":"product_brand","embeddable":true,"href":"https:\/\/fluidsiq.com\/fr\/wp-json\/wp\/v2\/product_brand?post=5000"},{"taxonomy":"product_cat","embeddable":true,"href":"https:\/\/fluidsiq.com\/fr\/wp-json\/wp\/v2\/product_cat?post=5000"},{"taxonomy":"product_tag","embeddable":true,"href":"https:\/\/fluidsiq.com\/fr\/wp-json\/wp\/v2\/product_tag?post=5000"}],"curies":[{"name":"wp","href":"https:\/\/api.w.org\/{rel}","templated":true}]}}