
{"id":4984,"date":"2020-06-03T17:44:56","date_gmt":"2020-06-03T21:44:56","guid":{"rendered":"https:\/\/fluidsiq.com\/?post_type=product&#038;p=4984"},"modified":"2025-01-02T09:48:05","modified_gmt":"2025-01-02T14:48:05","slug":"male-wellness-daily-cycle-2","status":"publish","type":"product","link":"https:\/\/fluidsiq.com\/fr\/produit\/male-wellness-daily-cycle-2\/","title":{"rendered":"Bien-\u00eatre homme cycle quotidien"},"content":{"rendered":"","protected":false},"excerpt":{"rendered":"<p><a id=\"prod-name\">  <\/a><\/p>\n<p style=\"font-size: 16px; font-weight: 400;\">Nos tests de bien-\u00eatre homme sont un choix id\u00e9al pour \u00e9valuer les niveaux hormonaux chez les hommes susceptibles de souffrir d'andropause, parfois r\u00e9f\u00e9r\u00e9 comme ''la m\u00e9nopause masculine''. FLUIDS iQ offre trois types de tests de bien-\u00eatre homme.  Chacun fournit une analyse des m\u00eames hormones sexuelles, la diff\u00e9rence \u00e9tant la quantit\u00e9 de Cortisol mesur\u00e9 dans chacun.<\/p>\n<p style=\"font-size: 16px; font-weight: 400;\">Ce test anaylise les niveaux de: <strong>Testost\u00e9rone, Estradiol, DHEA-S, Cortisol diurne (AM, midi, apr\u00e8s-midi, heure du coucher), le ratio de cortisol total: DHEA-S.<\/strong><br \/>\nM\u00e9thode de pr\u00e9l\u00e8vement de l'\u00e9chantillon <strong>salive<\/strong><\/p>","protected":false},"featured_media":4784,"template":"","meta":[],"product_brand":[],"product_cat":[102],"product_tag":[312,234],"class_list":{"0":"post-4984","1":"product","2":"type-product","3":"status-publish","4":"has-post-thumbnail","6":"product_cat-hormones","7":"product_tag-fluids_products_hcp","8":"product_tag-mwdc-hcp","10":"first","11":"instock","12":"taxable","13":"shipping-taxable","14":"product-type-simple"},"yoast_head":"<!-- This site is optimized with the Yoast SEO plugin v27.2 - https:\/\/yoast.com\/product\/yoast-seo-wordpress\/ -->\n<title>Male Wellness Daily Cycle - FLUIDS iQ<\/title>\n<meta name=\"robots\" content=\"index, follow, max-snippet:-1, max-image-preview:large, max-video-preview:-1\" \/>\n<link rel=\"canonical\" href=\"https:\/\/fluidsiq.com\/fr\/produit\/male-wellness-daily-cycle-2\/\" \/>\n<meta property=\"og:locale\" content=\"fr_FR\" \/>\n<meta property=\"og:type\" content=\"article\" \/>\n<meta property=\"og:title\" content=\"Male Wellness Daily Cycle - FLUIDS iQ\" \/>\n<meta property=\"og:description\" content=\"Our Male Wellness tests are an ideal choice when looking to assess hormonal levels in men who may be experiencing andropause, sometimes referred as \u201cmale menopause.\u201d FLUIDS iQ offers three kinds of Male Wellness tests. Each one provides an analysis of the levels of the same sex hormones, the difference is the amount of Cortisol tested in each. This test analyzes levels of: Testosterone, Estradiol, DHEA-S, Diurnal Cortisol (AM, noon, afternoon, bedtime), the Total Cortisol: DHEA-S ratio Sample collection method: Saliva\" \/>\n<meta property=\"og:url\" content=\"https:\/\/fluidsiq.com\/fr\/produit\/male-wellness-daily-cycle-2\/\" \/>\n<meta property=\"og:site_name\" content=\"FLUIDS iQ\" \/>\n<meta property=\"article:modified_time\" content=\"2025-01-02T14:48:05+00:00\" \/>\n<meta property=\"og:image\" content=\"https:\/\/fluidsiq.com\/wp-content\/uploads\/2020\/06\/letter-h-blue_smaller.png\" \/>\n\t<meta property=\"og:image:width\" content=\"512\" \/>\n\t<meta property=\"og:image:height\" content=\"512\" \/>\n\t<meta property=\"og:image:type\" content=\"image\/png\" \/>\n<meta name=\"twitter:card\" content=\"summary_large_image\" \/>\n<meta name=\"twitter:label1\" content=\"Dur\u00e9e de lecture estim\u00e9e\" \/>\n\t<meta name=\"twitter:data1\" content=\"1 minute\" \/>\n<script type=\"application\/ld+json\" class=\"yoast-schema-graph\">{\"@context\":\"https:\/\/schema.org\",\"@graph\":[{\"@type\":\"WebPage\",\"@id\":\"https:\/\/fluidsiq.com\/product\/male-wellness-daily-cycle-2\/\",\"url\":\"https:\/\/fluidsiq.com\/product\/male-wellness-daily-cycle-2\/\",\"name\":\"Male Wellness Daily Cycle - FLUIDS iQ\",\"isPartOf\":{\"@id\":\"https:\/\/fluidsiq.com\/#website\"},\"primaryImageOfPage\":{\"@id\":\"https:\/\/fluidsiq.com\/product\/male-wellness-daily-cycle-2\/#primaryimage\"},\"image\":{\"@id\":\"https:\/\/fluidsiq.com\/product\/male-wellness-daily-cycle-2\/#primaryimage\"},\"thumbnailUrl\":\"https:\/\/fluidsiq.com\/wp-content\/uploads\/2020\/06\/letter-h-blue_smaller.png\",\"datePublished\":\"2020-06-03T21:44:56+00:00\",\"dateModified\":\"2025-01-02T14:48:05+00:00\",\"breadcrumb\":{\"@id\":\"https:\/\/fluidsiq.com\/product\/male-wellness-daily-cycle-2\/#breadcrumb\"},\"inLanguage\":\"fr-FR\",\"potentialAction\":[{\"@type\":\"ReadAction\",\"target\":[\"https:\/\/fluidsiq.com\/product\/male-wellness-daily-cycle-2\/\"]}]},{\"@type\":\"ImageObject\",\"inLanguage\":\"fr-FR\",\"@id\":\"https:\/\/fluidsiq.com\/product\/male-wellness-daily-cycle-2\/#primaryimage\",\"url\":\"https:\/\/fluidsiq.com\/wp-content\/uploads\/2020\/06\/letter-h-blue_smaller.png\",\"contentUrl\":\"https:\/\/fluidsiq.com\/wp-content\/uploads\/2020\/06\/letter-h-blue_smaller.png\",\"width\":512,\"height\":512},{\"@type\":\"BreadcrumbList\",\"@id\":\"https:\/\/fluidsiq.com\/product\/male-wellness-daily-cycle-2\/#breadcrumb\",\"itemListElement\":[{\"@type\":\"ListItem\",\"position\":1,\"name\":\"Home\",\"item\":\"https:\/\/fluidsiq.com\/\"},{\"@type\":\"ListItem\",\"position\":2,\"name\":\"Buy Now\",\"item\":\"https:\/\/fluidsiq.com\/buy-now\/\"},{\"@type\":\"ListItem\",\"position\":3,\"name\":\"Male Wellness Daily Cycle\"}]},{\"@type\":\"WebSite\",\"@id\":\"https:\/\/fluidsiq.com\/#website\",\"url\":\"https:\/\/fluidsiq.com\/\",\"name\":\"FLUIDS iQ\",\"description\":\"WELCOME TO FLUIDS iQ... Canada&#039;s Wellness Laboratory\u2122\",\"publisher\":{\"@id\":\"https:\/\/fluidsiq.com\/#organization\"},\"potentialAction\":[{\"@type\":\"SearchAction\",\"target\":{\"@type\":\"EntryPoint\",\"urlTemplate\":\"https:\/\/fluidsiq.com\/?s={search_term_string}\"},\"query-input\":{\"@type\":\"PropertyValueSpecification\",\"valueRequired\":true,\"valueName\":\"search_term_string\"}}],\"inLanguage\":\"fr-FR\"},{\"@type\":\"Organization\",\"@id\":\"https:\/\/fluidsiq.com\/#organization\",\"name\":\"FLUIDS iQ Inc.\",\"url\":\"https:\/\/fluidsiq.com\/\",\"logo\":{\"@type\":\"ImageObject\",\"inLanguage\":\"fr-FR\",\"@id\":\"https:\/\/fluidsiq.com\/#\/schema\/logo\/image\/\",\"url\":\"https:\/\/fluidsiq.com\/wp-content\/uploads\/2019\/09\/Logo_Woocom_new.jpg\",\"contentUrl\":\"https:\/\/fluidsiq.com\/wp-content\/uploads\/2019\/09\/Logo_Woocom_new.jpg\",\"width\":400,\"height\":400,\"caption\":\"FLUIDS iQ Inc.\"},\"image\":{\"@id\":\"https:\/\/fluidsiq.com\/#\/schema\/logo\/image\/\"},\"sameAs\":[\"https:\/\/www.youtube.com\/channel\/UCrURYdZtQTajmjHhJFP6sLg\"]}]}<\/script>\n<!-- \/ Yoast SEO plugin. -->","yoast_head_json":{"title":"Male Wellness Daily Cycle - FLUIDS iQ","robots":{"index":"index","follow":"follow","max-snippet":"max-snippet:-1","max-image-preview":"max-image-preview:large","max-video-preview":"max-video-preview:-1"},"canonical":"https:\/\/fluidsiq.com\/fr\/produit\/male-wellness-daily-cycle-2\/","og_locale":"fr_FR","og_type":"article","og_title":"Male Wellness Daily Cycle - FLUIDS iQ","og_description":"Our Male Wellness tests are an ideal choice when looking to assess hormonal levels in men who may be experiencing andropause, sometimes referred as \u201cmale menopause.\u201d FLUIDS iQ offers three kinds of Male Wellness tests. Each one provides an analysis of the levels of the same sex hormones, the difference is the amount of Cortisol tested in each. This test analyzes levels of: Testosterone, Estradiol, DHEA-S, Diurnal Cortisol (AM, noon, afternoon, bedtime), the Total Cortisol: DHEA-S ratio Sample collection method: Saliva","og_url":"https:\/\/fluidsiq.com\/fr\/produit\/male-wellness-daily-cycle-2\/","og_site_name":"FLUIDS iQ","article_modified_time":"2025-01-02T14:48:05+00:00","og_image":[{"width":512,"height":512,"url":"https:\/\/fluidsiq.com\/wp-content\/uploads\/2020\/06\/letter-h-blue_smaller.png","type":"image\/png"}],"twitter_card":"summary_large_image","twitter_misc":{"Dur\u00e9e de lecture estim\u00e9e":"1 minute"},"schema":{"@context":"https:\/\/schema.org","@graph":[{"@type":"WebPage","@id":"https:\/\/fluidsiq.com\/product\/male-wellness-daily-cycle-2\/","url":"https:\/\/fluidsiq.com\/product\/male-wellness-daily-cycle-2\/","name":"Male Wellness Daily Cycle - FLUIDS iQ","isPartOf":{"@id":"https:\/\/fluidsiq.com\/#website"},"primaryImageOfPage":{"@id":"https:\/\/fluidsiq.com\/product\/male-wellness-daily-cycle-2\/#primaryimage"},"image":{"@id":"https:\/\/fluidsiq.com\/product\/male-wellness-daily-cycle-2\/#primaryimage"},"thumbnailUrl":"https:\/\/fluidsiq.com\/wp-content\/uploads\/2020\/06\/letter-h-blue_smaller.png","datePublished":"2020-06-03T21:44:56+00:00","dateModified":"2025-01-02T14:48:05+00:00","breadcrumb":{"@id":"https:\/\/fluidsiq.com\/product\/male-wellness-daily-cycle-2\/#breadcrumb"},"inLanguage":"fr-FR","potentialAction":[{"@type":"ReadAction","target":["https:\/\/fluidsiq.com\/product\/male-wellness-daily-cycle-2\/"]}]},{"@type":"ImageObject","inLanguage":"fr-FR","@id":"https:\/\/fluidsiq.com\/product\/male-wellness-daily-cycle-2\/#primaryimage","url":"https:\/\/fluidsiq.com\/wp-content\/uploads\/2020\/06\/letter-h-blue_smaller.png","contentUrl":"https:\/\/fluidsiq.com\/wp-content\/uploads\/2020\/06\/letter-h-blue_smaller.png","width":512,"height":512},{"@type":"BreadcrumbList","@id":"https:\/\/fluidsiq.com\/product\/male-wellness-daily-cycle-2\/#breadcrumb","itemListElement":[{"@type":"ListItem","position":1,"name":"Home","item":"https:\/\/fluidsiq.com\/"},{"@type":"ListItem","position":2,"name":"Buy Now","item":"https:\/\/fluidsiq.com\/buy-now\/"},{"@type":"ListItem","position":3,"name":"Male Wellness Daily Cycle"}]},{"@type":"WebSite","@id":"https:\/\/fluidsiq.com\/#website","url":"https:\/\/fluidsiq.com\/","name":"FLUIDS iQ","description":"WELCOME TO FLUIDS iQ... Canada&#039;s Wellness Laboratory\u2122","publisher":{"@id":"https:\/\/fluidsiq.com\/#organization"},"potentialAction":[{"@type":"SearchAction","target":{"@type":"EntryPoint","urlTemplate":"https:\/\/fluidsiq.com\/?s={search_term_string}"},"query-input":{"@type":"PropertyValueSpecification","valueRequired":true,"valueName":"search_term_string"}}],"inLanguage":"fr-FR"},{"@type":"Organization","@id":"https:\/\/fluidsiq.com\/#organization","name":"FLUIDS iQ Inc.","url":"https:\/\/fluidsiq.com\/","logo":{"@type":"ImageObject","inLanguage":"fr-FR","@id":"https:\/\/fluidsiq.com\/#\/schema\/logo\/image\/","url":"https:\/\/fluidsiq.com\/wp-content\/uploads\/2019\/09\/Logo_Woocom_new.jpg","contentUrl":"https:\/\/fluidsiq.com\/wp-content\/uploads\/2019\/09\/Logo_Woocom_new.jpg","width":400,"height":400,"caption":"FLUIDS iQ Inc."},"image":{"@id":"https:\/\/fluidsiq.com\/#\/schema\/logo\/image\/"},"sameAs":["https:\/\/www.youtube.com\/channel\/UCrURYdZtQTajmjHhJFP6sLg"]}]}},"_links":{"self":[{"href":"https:\/\/fluidsiq.com\/fr\/wp-json\/wp\/v2\/product\/4984","targetHints":{"allow":["GET"]}}],"collection":[{"href":"https:\/\/fluidsiq.com\/fr\/wp-json\/wp\/v2\/product"}],"about":[{"href":"https:\/\/fluidsiq.com\/fr\/wp-json\/wp\/v2\/types\/product"}],"version-history":[{"count":0,"href":"https:\/\/fluidsiq.com\/fr\/wp-json\/wp\/v2\/product\/4984\/revisions"}],"wp:featuredmedia":[{"embeddable":true,"href":"https:\/\/fluidsiq.com\/fr\/wp-json\/wp\/v2\/media\/4784"}],"wp:attachment":[{"href":"https:\/\/fluidsiq.com\/fr\/wp-json\/wp\/v2\/media?parent=4984"}],"wp:term":[{"taxonomy":"product_brand","embeddable":true,"href":"https:\/\/fluidsiq.com\/fr\/wp-json\/wp\/v2\/product_brand?post=4984"},{"taxonomy":"product_cat","embeddable":true,"href":"https:\/\/fluidsiq.com\/fr\/wp-json\/wp\/v2\/product_cat?post=4984"},{"taxonomy":"product_tag","embeddable":true,"href":"https:\/\/fluidsiq.com\/fr\/wp-json\/wp\/v2\/product_tag?post=4984"}],"curies":[{"name":"wp","href":"https:\/\/api.w.org\/{rel}","templated":true}]}}