
{"id":4893,"date":"2020-06-01T16:48:20","date_gmt":"2020-06-01T20:48:20","guid":{"rendered":"https:\/\/fluidsiq.com\/?post_type=product&#038;p=4893"},"modified":"2024-11-01T12:02:19","modified_gmt":"2024-11-01T16:02:19","slug":"male-wellness-plus","status":"publish","type":"product","link":"https:\/\/fluidsiq.com\/fr\/produit\/male-wellness-plus\/","title":{"rendered":"Bien-\u00eatre homme plus"},"content":{"rendered":"\t\t<div data-elementor-type=\"wp-post\" data-elementor-id=\"4893\" class=\"elementor elementor-4893\" data-elementor-post-type=\"product\">\n\t\t\t\t\t\t<section class=\"elementor-section elementor-top-section elementor-element elementor-element-6d4cbdc6 elementor-section-boxed elementor-section-height-default elementor-section-height-default\" data-id=\"6d4cbdc6\" data-element_type=\"section\" data-e-type=\"section\" data-settings=\"{&quot;jet_parallax_layout_list&quot;:[{&quot;jet_parallax_layout_image&quot;:{&quot;url&quot;:&quot;&quot;,&quot;id&quot;:&quot;&quot;,&quot;size&quot;:&quot;&quot;},&quot;_id&quot;:&quot;8cdbd06&quot;,&quot;jet_parallax_layout_image_tablet&quot;:{&quot;url&quot;:&quot;&quot;,&quot;id&quot;:&quot;&quot;,&quot;size&quot;:&quot;&quot;},&quot;jet_parallax_layout_image_mobile&quot;:{&quot;url&quot;:&quot;&quot;,&quot;id&quot;:&quot;&quot;,&quot;size&quot;:&quot;&quot;},&quot;jet_parallax_layout_speed&quot;:{&quot;unit&quot;:&quot;%&quot;,&quot;size&quot;:50,&quot;sizes&quot;:[]},&quot;jet_parallax_layout_type&quot;:&quot;scroll&quot;,&quot;jet_parallax_layout_direction&quot;:&quot;1&quot;,&quot;jet_parallax_layout_fx_direction&quot;:null,&quot;jet_parallax_layout_z_index&quot;:&quot;&quot;,&quot;jet_parallax_layout_bg_x&quot;:50,&quot;jet_parallax_layout_bg_x_tablet&quot;:&quot;&quot;,&quot;jet_parallax_layout_bg_x_mobile&quot;:&quot;&quot;,&quot;jet_parallax_layout_bg_y&quot;:50,&quot;jet_parallax_layout_bg_y_tablet&quot;:&quot;&quot;,&quot;jet_parallax_layout_bg_y_mobile&quot;:&quot;&quot;,&quot;jet_parallax_layout_bg_size&quot;:&quot;auto&quot;,&quot;jet_parallax_layout_bg_size_tablet&quot;:&quot;&quot;,&quot;jet_parallax_layout_bg_size_mobile&quot;:&quot;&quot;,&quot;jet_parallax_layout_animation_prop&quot;:&quot;transform&quot;,&quot;jet_parallax_layout_on&quot;:[&quot;desktop&quot;,&quot;tablet&quot;]}]}\">\n\t\t\t\t\t\t<div class=\"elementor-container elementor-column-gap-default\">\n\t\t\t\t\t<div class=\"elementor-column elementor-col-100 elementor-top-column elementor-element elementor-element-6048afc0\" data-id=\"6048afc0\" data-element_type=\"column\" data-e-type=\"column\">\n\t\t\t<div class=\"elementor-widget-wrap elementor-element-populated\">\n\t\t\t\t\t\t<section class=\"elementor-section elementor-inner-section elementor-element elementor-element-16ec3cbe elementor-section-boxed elementor-section-height-default elementor-section-height-default\" data-id=\"16ec3cbe\" data-element_type=\"section\" data-e-type=\"section\" data-settings=\"{&quot;jet_parallax_layout_list&quot;:[{&quot;jet_parallax_layout_image&quot;:{&quot;url&quot;:&quot;&quot;,&quot;id&quot;:&quot;&quot;,&quot;size&quot;:&quot;&quot;},&quot;_id&quot;:&quot;f1bafb8&quot;,&quot;jet_parallax_layout_image_tablet&quot;:{&quot;url&quot;:&quot;&quot;,&quot;id&quot;:&quot;&quot;,&quot;size&quot;:&quot;&quot;},&quot;jet_parallax_layout_image_mobile&quot;:{&quot;url&quot;:&quot;&quot;,&quot;id&quot;:&quot;&quot;,&quot;size&quot;:&quot;&quot;},&quot;jet_parallax_layout_speed&quot;:{&quot;unit&quot;:&quot;%&quot;,&quot;size&quot;:50,&quot;sizes&quot;:[]},&quot;jet_parallax_layout_type&quot;:&quot;scroll&quot;,&quot;jet_parallax_layout_direction&quot;:&quot;1&quot;,&quot;jet_parallax_layout_fx_direction&quot;:null,&quot;jet_parallax_layout_z_index&quot;:&quot;&quot;,&quot;jet_parallax_layout_bg_x&quot;:50,&quot;jet_parallax_layout_bg_x_tablet&quot;:&quot;&quot;,&quot;jet_parallax_layout_bg_x_mobile&quot;:&quot;&quot;,&quot;jet_parallax_layout_bg_y&quot;:50,&quot;jet_parallax_layout_bg_y_tablet&quot;:&quot;&quot;,&quot;jet_parallax_layout_bg_y_mobile&quot;:&quot;&quot;,&quot;jet_parallax_layout_bg_size&quot;:&quot;auto&quot;,&quot;jet_parallax_layout_bg_size_tablet&quot;:&quot;&quot;,&quot;jet_parallax_layout_bg_size_mobile&quot;:&quot;&quot;,&quot;jet_parallax_layout_animation_prop&quot;:&quot;transform&quot;,&quot;jet_parallax_layout_on&quot;:[&quot;desktop&quot;,&quot;tablet&quot;]}]}\">\n\t\t\t\t\t\t<div class=\"elementor-container elementor-column-gap-default\">\n\t\t\t\t\t<div class=\"elementor-column elementor-col-50 elementor-inner-column elementor-element elementor-element-75177b10\" data-id=\"75177b10\" data-element_type=\"column\" data-e-type=\"column\">\n\t\t\t<div class=\"elementor-widget-wrap elementor-element-populated\">\n\t\t\t\t\t\t<div class=\"elementor-element elementor-element-510766d7 elementor-widget elementor-widget-image\" data-id=\"510766d7\" data-element_type=\"widget\" data-e-type=\"widget\" data-widget_type=\"image.default\">\n\t\t\t\t<div class=\"elementor-widget-container\">\n\t\t\t\t\t\t\t\t\t\t\t\t\t\t\t<img fetchpriority=\"high\" decoding=\"async\" width=\"400\" height=\"225\" src=\"https:\/\/fluidsiq.com\/wp-content\/uploads\/2019\/10\/box.png\" class=\"attachment-full size-full wp-image-4613\" alt=\"\" srcset=\"https:\/\/fluidsiq.com\/wp-content\/uploads\/2019\/10\/box.png 400w, https:\/\/fluidsiq.com\/wp-content\/uploads\/2019\/10\/box-300x169.png 300w, https:\/\/fluidsiq.com\/wp-content\/uploads\/2019\/10\/box-150x85.png 150w\" sizes=\"(max-width: 400px) 100vw, 400px\" \/>\t\t\t\t\t\t\t\t\t\t\t\t\t\t\t<\/div>\n\t\t\t\t<\/div>\n\t\t\t\t<div class=\"elementor-element elementor-element-35371fb5 elementor-widget__width-initial elementor-widget elementor-widget-text-editor\" data-id=\"35371fb5\" data-element_type=\"widget\" data-e-type=\"widget\" data-widget_type=\"text-editor.default\">\n\t\t\t\t<div class=\"elementor-widget-container\">\n\t\t\t\t\t\t\t\t\t<strong>Step 1)<\/strong>\t\t\t\t\t\t\t\t<\/div>\n\t\t\t\t<\/div>\n\t\t\t\t<div class=\"elementor-element elementor-element-6f95c5f4 elementor-widget__width-initial elementor-widget elementor-widget-text-editor\" data-id=\"6f95c5f4\" data-element_type=\"widget\" data-e-type=\"widget\" data-widget_type=\"text-editor.default\">\n\t\t\t\t<div class=\"elementor-widget-container\">\n\t\t\t\t\t\t\t\t\t<p>Once you complete your order we&#8217;ll ship you a testing kit<\/p>\t\t\t\t\t\t\t\t<\/div>\n\t\t\t\t<\/div>\n\t\t\t\t\t<\/div>\n\t\t<\/div>\n\t\t\t\t<div class=\"elementor-column elementor-col-50 elementor-inner-column elementor-element elementor-element-380fa9fc\" data-id=\"380fa9fc\" data-element_type=\"column\" data-e-type=\"column\">\n\t\t\t<div class=\"elementor-widget-wrap elementor-element-populated\">\n\t\t\t\t\t\t<div class=\"elementor-element elementor-element-9bb659d elementor-widget elementor-widget-image\" data-id=\"9bb659d\" data-element_type=\"widget\" data-e-type=\"widget\" data-widget_type=\"image.default\">\n\t\t\t\t<div class=\"elementor-widget-container\">\n\t\t\t\t\t\t\t\t\t\t\t\t\t\t\t<img decoding=\"async\" width=\"400\" height=\"225\" src=\"https:\/\/fluidsiq.com\/wp-content\/uploads\/2020\/06\/tube-2-400.png\" class=\"attachment-full size-full wp-image-4772\" alt=\"\" srcset=\"https:\/\/fluidsiq.com\/wp-content\/uploads\/2020\/06\/tube-2-400.png 400w, https:\/\/fluidsiq.com\/wp-content\/uploads\/2020\/06\/tube-2-400-300x169.png 300w, https:\/\/fluidsiq.com\/wp-content\/uploads\/2020\/06\/tube-2-400-150x85.png 150w\" sizes=\"(max-width: 400px) 100vw, 400px\" \/>\t\t\t\t\t\t\t\t\t\t\t\t\t\t\t<\/div>\n\t\t\t\t<\/div>\n\t\t\t\t<div class=\"elementor-element elementor-element-c45fda6 elementor-widget__width-initial elementor-widget elementor-widget-text-editor\" data-id=\"c45fda6\" data-element_type=\"widget\" data-e-type=\"widget\" data-widget_type=\"text-editor.default\">\n\t\t\t\t<div class=\"elementor-widget-container\">\n\t\t\t\t\t\t\t\t\t<strong>Step 2)<\/strong>\t\t\t\t\t\t\t\t<\/div>\n\t\t\t\t<\/div>\n\t\t\t\t<div class=\"elementor-element elementor-element-1ae2b831 elementor-widget__width-initial elementor-widget elementor-widget-text-editor\" data-id=\"1ae2b831\" data-element_type=\"widget\" data-e-type=\"widget\" data-widget_type=\"text-editor.default\">\n\t\t\t\t<div class=\"elementor-widget-container\">\n\t\t\t\t\t\t\t\t\tCollect your sample using the materials included in the kit\t\t\t\t\t\t\t\t<\/div>\n\t\t\t\t<\/div>\n\t\t\t\t\t<\/div>\n\t\t<\/div>\n\t\t\t\t\t<\/div>\n\t\t<\/section>\n\t\t\t\t<section class=\"elementor-section elementor-inner-section elementor-element elementor-element-195eeba elementor-section-boxed elementor-section-height-default elementor-section-height-default\" data-id=\"195eeba\" data-element_type=\"section\" data-e-type=\"section\" data-settings=\"{&quot;jet_parallax_layout_list&quot;:[{&quot;jet_parallax_layout_image&quot;:{&quot;url&quot;:&quot;&quot;,&quot;id&quot;:&quot;&quot;,&quot;size&quot;:&quot;&quot;},&quot;_id&quot;:&quot;f1bafb8&quot;,&quot;jet_parallax_layout_image_tablet&quot;:{&quot;url&quot;:&quot;&quot;,&quot;id&quot;:&quot;&quot;,&quot;size&quot;:&quot;&quot;},&quot;jet_parallax_layout_image_mobile&quot;:{&quot;url&quot;:&quot;&quot;,&quot;id&quot;:&quot;&quot;,&quot;size&quot;:&quot;&quot;},&quot;jet_parallax_layout_speed&quot;:{&quot;unit&quot;:&quot;%&quot;,&quot;size&quot;:50,&quot;sizes&quot;:[]},&quot;jet_parallax_layout_type&quot;:&quot;scroll&quot;,&quot;jet_parallax_layout_direction&quot;:&quot;1&quot;,&quot;jet_parallax_layout_fx_direction&quot;:null,&quot;jet_parallax_layout_z_index&quot;:&quot;&quot;,&quot;jet_parallax_layout_bg_x&quot;:50,&quot;jet_parallax_layout_bg_x_tablet&quot;:&quot;&quot;,&quot;jet_parallax_layout_bg_x_mobile&quot;:&quot;&quot;,&quot;jet_parallax_layout_bg_y&quot;:50,&quot;jet_parallax_layout_bg_y_tablet&quot;:&quot;&quot;,&quot;jet_parallax_layout_bg_y_mobile&quot;:&quot;&quot;,&quot;jet_parallax_layout_bg_size&quot;:&quot;auto&quot;,&quot;jet_parallax_layout_bg_size_tablet&quot;:&quot;&quot;,&quot;jet_parallax_layout_bg_size_mobile&quot;:&quot;&quot;,&quot;jet_parallax_layout_animation_prop&quot;:&quot;transform&quot;,&quot;jet_parallax_layout_on&quot;:[&quot;desktop&quot;,&quot;tablet&quot;]}]}\">\n\t\t\t\t\t\t<div class=\"elementor-container elementor-column-gap-default\">\n\t\t\t\t\t<div class=\"elementor-column elementor-col-50 elementor-inner-column elementor-element elementor-element-492ec331\" data-id=\"492ec331\" data-element_type=\"column\" data-e-type=\"column\">\n\t\t\t<div class=\"elementor-widget-wrap elementor-element-populated\">\n\t\t\t\t\t\t<div class=\"elementor-element elementor-element-2c00fc00 elementor-widget elementor-widget-image\" data-id=\"2c00fc00\" data-element_type=\"widget\" data-e-type=\"widget\" data-widget_type=\"image.default\">\n\t\t\t\t<div class=\"elementor-widget-container\">\n\t\t\t\t\t\t\t\t\t\t\t\t\t\t\t<img decoding=\"async\" width=\"400\" height=\"225\" src=\"https:\/\/fluidsiq.com\/wp-content\/uploads\/2019\/10\/truck-2.png\" class=\"attachment-full size-full wp-image-4614\" alt=\"\" srcset=\"https:\/\/fluidsiq.com\/wp-content\/uploads\/2019\/10\/truck-2.png 400w, https:\/\/fluidsiq.com\/wp-content\/uploads\/2019\/10\/truck-2-300x169.png 300w, https:\/\/fluidsiq.com\/wp-content\/uploads\/2019\/10\/truck-2-150x85.png 150w\" sizes=\"(max-width: 400px) 100vw, 400px\" \/>\t\t\t\t\t\t\t\t\t\t\t\t\t\t\t<\/div>\n\t\t\t\t<\/div>\n\t\t\t\t<div class=\"elementor-element elementor-element-2ba5c847 elementor-widget__width-initial elementor-widget elementor-widget-text-editor\" data-id=\"2ba5c847\" data-element_type=\"widget\" data-e-type=\"widget\" data-widget_type=\"text-editor.default\">\n\t\t\t\t<div class=\"elementor-widget-container\">\n\t\t\t\t\t\t\t\t\t<strong>Step 3)<\/strong>\t\t\t\t\t\t\t\t<\/div>\n\t\t\t\t<\/div>\n\t\t\t\t<div class=\"elementor-element elementor-element-352e04a1 elementor-widget__width-initial elementor-widget elementor-widget-text-editor\" data-id=\"352e04a1\" data-element_type=\"widget\" data-e-type=\"widget\" data-widget_type=\"text-editor.default\">\n\t\t\t\t<div class=\"elementor-widget-container\">\n\t\t\t\t\t\t\t\t\tReturn the sample to us using the prepaid mailer provided\t\t\t\t\t\t\t\t<\/div>\n\t\t\t\t<\/div>\n\t\t\t\t\t<\/div>\n\t\t<\/div>\n\t\t\t\t<div class=\"elementor-column elementor-col-50 elementor-inner-column elementor-element elementor-element-61768473\" data-id=\"61768473\" data-element_type=\"column\" data-e-type=\"column\">\n\t\t\t<div class=\"elementor-widget-wrap elementor-element-populated\">\n\t\t\t\t\t\t<div class=\"elementor-element elementor-element-64060dda elementor-widget elementor-widget-image\" data-id=\"64060dda\" data-element_type=\"widget\" data-e-type=\"widget\" data-widget_type=\"image.default\">\n\t\t\t\t<div class=\"elementor-widget-container\">\n\t\t\t\t\t\t\t\t\t\t\t\t\t\t\t<img loading=\"lazy\" decoding=\"async\" width=\"400\" height=\"225\" src=\"https:\/\/fluidsiq.com\/wp-content\/uploads\/2019\/10\/report-full-2.png\" class=\"attachment-full size-full wp-image-4620\" alt=\"\" srcset=\"https:\/\/fluidsiq.com\/wp-content\/uploads\/2019\/10\/report-full-2.png 400w, https:\/\/fluidsiq.com\/wp-content\/uploads\/2019\/10\/report-full-2-300x169.png 300w, https:\/\/fluidsiq.com\/wp-content\/uploads\/2019\/10\/report-full-2-150x85.png 150w\" sizes=\"(max-width: 400px) 100vw, 400px\" \/>\t\t\t\t\t\t\t\t\t\t\t\t\t\t\t<\/div>\n\t\t\t\t<\/div>\n\t\t\t\t<div class=\"elementor-element elementor-element-18a36031 elementor-widget__width-initial elementor-widget elementor-widget-text-editor\" data-id=\"18a36031\" data-element_type=\"widget\" data-e-type=\"widget\" data-widget_type=\"text-editor.default\">\n\t\t\t\t<div class=\"elementor-widget-container\">\n\t\t\t\t\t\t\t\t\t<strong>Step 4)<\/strong>\t\t\t\t\t\t\t\t<\/div>\n\t\t\t\t<\/div>\n\t\t\t\t<div class=\"elementor-element elementor-element-7ba1c733 elementor-widget__width-initial elementor-widget elementor-widget-text-editor\" data-id=\"7ba1c733\" data-element_type=\"widget\" data-e-type=\"widget\" data-widget_type=\"text-editor.default\">\n\t\t\t\t<div class=\"elementor-widget-container\">\n\t\t\t\t\t\t\t\t\t<p>Results are sent to your health care professional.<\/p>\t\t\t\t\t\t\t\t<\/div>\n\t\t\t\t<\/div>\n\t\t\t\t\t<\/div>\n\t\t<\/div>\n\t\t\t\t\t<\/div>\n\t\t<\/section>\n\t\t\t\t\t<\/div>\n\t\t<\/div>\n\t\t\t\t\t<\/div>\n\t\t<\/section>\n\t\t\t\t<\/div>\n\t\t","protected":false},"excerpt":{"rendered":"<p><a id=\"prod-name\">  <\/a><\/p>\n<p style=\"font-size: 16px; font-weight: 400;\">Nos tests de bien-\u00eatre homme sont un choix id\u00e9al pour \u00e9valuer les niveaux hormonaux chez les hommes susceptibles de souffrir d'andropause, parfois r\u00e9f\u00e9r\u00e9 comme ''la m\u00e9nopause masculine''. FLUIDS iQ offre trois types de tests de bien-\u00eatre homme.  Chacun fournit une analyse des m\u00eames hormones sexuelles, la diff\u00e9rence \u00e9tant la quantit\u00e9 de Cortisol mesur\u00e9 dans chacun.<\/p>\n<p style=\"font-size: 16px; font-weight: 400;\">Ce test anaylise les niveaux de: <strong>Testost\u00e9rone, Estradiol, DHEA-S, Cortisol (AM et heure du coucher)<\/strong><br \/>\nM\u00e9thode de pr\u00e9l\u00e8vement de l'\u00e9chantillon <strong>salive<\/strong><\/p>\n<p style=\"font-size: 14px; font-weight: 400;\">Si vous \u00eates un professionnel veuillez vous <a href=\"https:\/\/www.fluidsiq.com\/fluids_portal\/registration_pag.php?lang=fr#!\"><strong style=\"color: red;\">enregistrer<\/strong><\/a> ou <a href=\"https:\/\/fluidsiq.com\/my-account\/\"><strong style=\"color: red;\">ouvrir une session<\/strong><\/a> si vous avez d\u00e9j\u00e0 un compte<\/p>","protected":false},"featured_media":4784,"template":"","meta":[],"product_brand":[],"product_cat":[104],"product_tag":[187],"class_list":{"0":"post-4893","1":"product","2":"type-product","3":"status-publish","4":"has-post-thumbnail","6":"product_cat-patient-hormones","7":"product_tag-mwp-patient","9":"first","10":"instock","11":"taxable","12":"shipping-taxable","13":"product-type-simple"},"yoast_head":"<!-- This site is optimized with the Yoast SEO plugin v27.2 - https:\/\/yoast.com\/product\/yoast-seo-wordpress\/ -->\n<title>Male Wellness Plus - FLUIDS iQ<\/title>\n<meta name=\"robots\" content=\"index, follow, max-snippet:-1, max-image-preview:large, max-video-preview:-1\" \/>\n<link rel=\"canonical\" href=\"https:\/\/fluidsiq.com\/fr\/produit\/male-wellness-plus\/\" \/>\n<meta property=\"og:locale\" content=\"fr_FR\" \/>\n<meta property=\"og:type\" content=\"article\" \/>\n<meta property=\"og:title\" content=\"Male Wellness Plus - FLUIDS iQ\" \/>\n<meta property=\"og:description\" content=\"Our Male Wellness tests are an ideal choice when looking to assess hormonal levels in men who may be experiencing andropause, sometimes referred as \u201cmale menopause.\u201d FLUIDS iQ offers three kinds of Male Wellness tests. Each one provides an analysis of the levels of the same sex hormones, the difference is the amount of Cortisol tested in each. This test analyzes levels of: Testosterone, Estradiol, DHEA-S, Cortisol (AM and bedtime) Sample collection method: Saliva If you are a Health Care Professional please REGISTER or LOGIN if you already have an account.\" \/>\n<meta property=\"og:url\" content=\"https:\/\/fluidsiq.com\/fr\/produit\/male-wellness-plus\/\" \/>\n<meta property=\"og:site_name\" content=\"FLUIDS iQ\" \/>\n<meta property=\"article:modified_time\" content=\"2024-11-01T16:02:19+00:00\" \/>\n<meta property=\"og:image\" content=\"https:\/\/fluidsiq.com\/wp-content\/uploads\/2020\/06\/letter-h-blue_smaller.png\" \/>\n\t<meta property=\"og:image:width\" content=\"512\" \/>\n\t<meta property=\"og:image:height\" content=\"512\" \/>\n\t<meta property=\"og:image:type\" content=\"image\/png\" \/>\n<meta name=\"twitter:card\" content=\"summary_large_image\" \/>\n<meta name=\"twitter:label1\" content=\"Dur\u00e9e de lecture estim\u00e9e\" \/>\n\t<meta name=\"twitter:data1\" content=\"2 minutes\" \/>\n<script type=\"application\/ld+json\" class=\"yoast-schema-graph\">{\"@context\":\"https:\/\/schema.org\",\"@graph\":[{\"@type\":\"WebPage\",\"@id\":\"https:\/\/fluidsiq.com\/product\/male-wellness-plus\/\",\"url\":\"https:\/\/fluidsiq.com\/product\/male-wellness-plus\/\",\"name\":\"Male Wellness Plus - FLUIDS iQ\",\"isPartOf\":{\"@id\":\"https:\/\/fluidsiq.com\/#website\"},\"primaryImageOfPage\":{\"@id\":\"https:\/\/fluidsiq.com\/product\/male-wellness-plus\/#primaryimage\"},\"image\":{\"@id\":\"https:\/\/fluidsiq.com\/product\/male-wellness-plus\/#primaryimage\"},\"thumbnailUrl\":\"https:\/\/fluidsiq.com\/wp-content\/uploads\/2020\/06\/letter-h-blue_smaller.png\",\"datePublished\":\"2020-06-01T20:48:20+00:00\",\"dateModified\":\"2024-11-01T16:02:19+00:00\",\"breadcrumb\":{\"@id\":\"https:\/\/fluidsiq.com\/product\/male-wellness-plus\/#breadcrumb\"},\"inLanguage\":\"fr-FR\",\"potentialAction\":[{\"@type\":\"ReadAction\",\"target\":[\"https:\/\/fluidsiq.com\/product\/male-wellness-plus\/\"]}]},{\"@type\":\"ImageObject\",\"inLanguage\":\"fr-FR\",\"@id\":\"https:\/\/fluidsiq.com\/product\/male-wellness-plus\/#primaryimage\",\"url\":\"https:\/\/fluidsiq.com\/wp-content\/uploads\/2020\/06\/letter-h-blue_smaller.png\",\"contentUrl\":\"https:\/\/fluidsiq.com\/wp-content\/uploads\/2020\/06\/letter-h-blue_smaller.png\",\"width\":512,\"height\":512},{\"@type\":\"BreadcrumbList\",\"@id\":\"https:\/\/fluidsiq.com\/product\/male-wellness-plus\/#breadcrumb\",\"itemListElement\":[{\"@type\":\"ListItem\",\"position\":1,\"name\":\"Home\",\"item\":\"https:\/\/fluidsiq.com\/\"},{\"@type\":\"ListItem\",\"position\":2,\"name\":\"Buy Now\",\"item\":\"https:\/\/fluidsiq.com\/buy-now\/\"},{\"@type\":\"ListItem\",\"position\":3,\"name\":\"Male Wellness Plus\"}]},{\"@type\":\"WebSite\",\"@id\":\"https:\/\/fluidsiq.com\/#website\",\"url\":\"https:\/\/fluidsiq.com\/\",\"name\":\"FLUIDS iQ\",\"description\":\"WELCOME TO FLUIDS iQ... Canada&#039;s Wellness Laboratory\u2122\",\"publisher\":{\"@id\":\"https:\/\/fluidsiq.com\/#organization\"},\"potentialAction\":[{\"@type\":\"SearchAction\",\"target\":{\"@type\":\"EntryPoint\",\"urlTemplate\":\"https:\/\/fluidsiq.com\/?s={search_term_string}\"},\"query-input\":{\"@type\":\"PropertyValueSpecification\",\"valueRequired\":true,\"valueName\":\"search_term_string\"}}],\"inLanguage\":\"fr-FR\"},{\"@type\":\"Organization\",\"@id\":\"https:\/\/fluidsiq.com\/#organization\",\"name\":\"FLUIDS iQ Inc.\",\"url\":\"https:\/\/fluidsiq.com\/\",\"logo\":{\"@type\":\"ImageObject\",\"inLanguage\":\"fr-FR\",\"@id\":\"https:\/\/fluidsiq.com\/#\/schema\/logo\/image\/\",\"url\":\"https:\/\/fluidsiq.com\/wp-content\/uploads\/2019\/09\/Logo_Woocom_new.jpg\",\"contentUrl\":\"https:\/\/fluidsiq.com\/wp-content\/uploads\/2019\/09\/Logo_Woocom_new.jpg\",\"width\":400,\"height\":400,\"caption\":\"FLUIDS iQ Inc.\"},\"image\":{\"@id\":\"https:\/\/fluidsiq.com\/#\/schema\/logo\/image\/\"},\"sameAs\":[\"https:\/\/www.youtube.com\/channel\/UCrURYdZtQTajmjHhJFP6sLg\"]}]}<\/script>\n<!-- \/ Yoast SEO plugin. -->","yoast_head_json":{"title":"Male Wellness Plus - FLUIDS iQ","robots":{"index":"index","follow":"follow","max-snippet":"max-snippet:-1","max-image-preview":"max-image-preview:large","max-video-preview":"max-video-preview:-1"},"canonical":"https:\/\/fluidsiq.com\/fr\/produit\/male-wellness-plus\/","og_locale":"fr_FR","og_type":"article","og_title":"Male Wellness Plus - FLUIDS iQ","og_description":"Our Male Wellness tests are an ideal choice when looking to assess hormonal levels in men who may be experiencing andropause, sometimes referred as \u201cmale menopause.\u201d FLUIDS iQ offers three kinds of Male Wellness tests. Each one provides an analysis of the levels of the same sex hormones, the difference is the amount of Cortisol tested in each. This test analyzes levels of: Testosterone, Estradiol, DHEA-S, Cortisol (AM and bedtime) Sample collection method: Saliva If you are a Health Care Professional please REGISTER or LOGIN if you already have an account.","og_url":"https:\/\/fluidsiq.com\/fr\/produit\/male-wellness-plus\/","og_site_name":"FLUIDS iQ","article_modified_time":"2024-11-01T16:02:19+00:00","og_image":[{"width":512,"height":512,"url":"https:\/\/fluidsiq.com\/wp-content\/uploads\/2020\/06\/letter-h-blue_smaller.png","type":"image\/png"}],"twitter_card":"summary_large_image","twitter_misc":{"Dur\u00e9e de lecture estim\u00e9e":"2 minutes"},"schema":{"@context":"https:\/\/schema.org","@graph":[{"@type":"WebPage","@id":"https:\/\/fluidsiq.com\/product\/male-wellness-plus\/","url":"https:\/\/fluidsiq.com\/product\/male-wellness-plus\/","name":"Male Wellness Plus - FLUIDS iQ","isPartOf":{"@id":"https:\/\/fluidsiq.com\/#website"},"primaryImageOfPage":{"@id":"https:\/\/fluidsiq.com\/product\/male-wellness-plus\/#primaryimage"},"image":{"@id":"https:\/\/fluidsiq.com\/product\/male-wellness-plus\/#primaryimage"},"thumbnailUrl":"https:\/\/fluidsiq.com\/wp-content\/uploads\/2020\/06\/letter-h-blue_smaller.png","datePublished":"2020-06-01T20:48:20+00:00","dateModified":"2024-11-01T16:02:19+00:00","breadcrumb":{"@id":"https:\/\/fluidsiq.com\/product\/male-wellness-plus\/#breadcrumb"},"inLanguage":"fr-FR","potentialAction":[{"@type":"ReadAction","target":["https:\/\/fluidsiq.com\/product\/male-wellness-plus\/"]}]},{"@type":"ImageObject","inLanguage":"fr-FR","@id":"https:\/\/fluidsiq.com\/product\/male-wellness-plus\/#primaryimage","url":"https:\/\/fluidsiq.com\/wp-content\/uploads\/2020\/06\/letter-h-blue_smaller.png","contentUrl":"https:\/\/fluidsiq.com\/wp-content\/uploads\/2020\/06\/letter-h-blue_smaller.png","width":512,"height":512},{"@type":"BreadcrumbList","@id":"https:\/\/fluidsiq.com\/product\/male-wellness-plus\/#breadcrumb","itemListElement":[{"@type":"ListItem","position":1,"name":"Home","item":"https:\/\/fluidsiq.com\/"},{"@type":"ListItem","position":2,"name":"Buy Now","item":"https:\/\/fluidsiq.com\/buy-now\/"},{"@type":"ListItem","position":3,"name":"Male Wellness Plus"}]},{"@type":"WebSite","@id":"https:\/\/fluidsiq.com\/#website","url":"https:\/\/fluidsiq.com\/","name":"FLUIDS iQ","description":"WELCOME TO FLUIDS iQ... Canada&#039;s Wellness Laboratory\u2122","publisher":{"@id":"https:\/\/fluidsiq.com\/#organization"},"potentialAction":[{"@type":"SearchAction","target":{"@type":"EntryPoint","urlTemplate":"https:\/\/fluidsiq.com\/?s={search_term_string}"},"query-input":{"@type":"PropertyValueSpecification","valueRequired":true,"valueName":"search_term_string"}}],"inLanguage":"fr-FR"},{"@type":"Organization","@id":"https:\/\/fluidsiq.com\/#organization","name":"FLUIDS iQ Inc.","url":"https:\/\/fluidsiq.com\/","logo":{"@type":"ImageObject","inLanguage":"fr-FR","@id":"https:\/\/fluidsiq.com\/#\/schema\/logo\/image\/","url":"https:\/\/fluidsiq.com\/wp-content\/uploads\/2019\/09\/Logo_Woocom_new.jpg","contentUrl":"https:\/\/fluidsiq.com\/wp-content\/uploads\/2019\/09\/Logo_Woocom_new.jpg","width":400,"height":400,"caption":"FLUIDS iQ Inc."},"image":{"@id":"https:\/\/fluidsiq.com\/#\/schema\/logo\/image\/"},"sameAs":["https:\/\/www.youtube.com\/channel\/UCrURYdZtQTajmjHhJFP6sLg"]}]}},"_links":{"self":[{"href":"https:\/\/fluidsiq.com\/fr\/wp-json\/wp\/v2\/product\/4893","targetHints":{"allow":["GET"]}}],"collection":[{"href":"https:\/\/fluidsiq.com\/fr\/wp-json\/wp\/v2\/product"}],"about":[{"href":"https:\/\/fluidsiq.com\/fr\/wp-json\/wp\/v2\/types\/product"}],"version-history":[{"count":0,"href":"https:\/\/fluidsiq.com\/fr\/wp-json\/wp\/v2\/product\/4893\/revisions"}],"wp:featuredmedia":[{"embeddable":true,"href":"https:\/\/fluidsiq.com\/fr\/wp-json\/wp\/v2\/media\/4784"}],"wp:attachment":[{"href":"https:\/\/fluidsiq.com\/fr\/wp-json\/wp\/v2\/media?parent=4893"}],"wp:term":[{"taxonomy":"product_brand","embeddable":true,"href":"https:\/\/fluidsiq.com\/fr\/wp-json\/wp\/v2\/product_brand?post=4893"},{"taxonomy":"product_cat","embeddable":true,"href":"https:\/\/fluidsiq.com\/fr\/wp-json\/wp\/v2\/product_cat?post=4893"},{"taxonomy":"product_tag","embeddable":true,"href":"https:\/\/fluidsiq.com\/fr\/wp-json\/wp\/v2\/product_tag?post=4893"}],"curies":[{"name":"wp","href":"https:\/\/api.w.org\/{rel}","templated":true}]}}