
{"id":17057,"date":"2025-03-31T15:46:24","date_gmt":"2025-03-31T19:46:24","guid":{"rendered":"https:\/\/fluidsiq.com\/?post_type=product&#038;p=17057"},"modified":"2025-10-07T10:50:49","modified_gmt":"2025-10-07T14:50:49","slug":"menstrual-cycle-mapping-24-hr-comprehensive-urine-hormone-profile-plus","status":"publish","type":"product","link":"https:\/\/fluidsiq.com\/fr\/produit\/menstrual-cycle-mapping-24-hr-comprehensive-urine-hormone-profile-plus\/","title":{"rendered":"La cartographie du cycle<br>menstruel + Le profil complet d'hormones urinaires plus sur 24 heures"},"content":{"rendered":"","protected":false},"excerpt":{"rendered":"<p>&nbsp;<\/p>\n<p style=\"font-size: 16px; font-weight: 400;\">La cartographie du cycle menstruel est con\u00e7ue pour toutes les personnes recherchant une analyse compl\u00e8te et de pointe des changements hormonaux sexuels f\u00e9minins au cours d'un mois, afin d'aider \u00e0 d\u00e9terminer les causes profondes des probl\u00e8mes menstruels ou d'\u00e9valuer les probl\u00e8mes de fertilit\u00e9.<\/p>\n<p style=\"font-size: 16px; font-weight: 400;\">Ce test analyse les niveaux d'estradiol et de progest\u00e9rone tout au long d'un cycle menstruel.<\/p>\n<p style=\"font-size: 16px; font-weight: 400;\" class=\" translation-block\">Ce test analyse les niveaux <strong>d'estradiol et de progest\u00e9rone <\/strong>tout au long d'un cycle menstruel <strong>en combinaison avec notre profil complet d'hormones urinaires sur 24 heures plus.<\/strong>.<br>\nM\u00e9thode de pr\u00e9l\u00e8vement des \u00e9chantillons : <strong>: salive et urine<\/strong><\/p>\n<p style=\"font-size: 16px; font-weight: 400;\"><strong>IMPORTANT:<\/strong> Ce test n'est PAS destin\u00e9 aux femmes qui n'ont plus de cycle menstruel, qui sont m\u00e9nopaus\u00e9es, qui prennent une contraception hormonale ou qui suivent un traitement hormonal substitutif (THS).<\/p>\n<p>&nbsp;<\/p>","protected":false},"featured_media":4784,"template":"","meta":[],"product_brand":[],"product_cat":[102],"product_tag":[305],"class_list":{"0":"post-17057","1":"product","2":"type-product","3":"status-publish","4":"has-post-thumbnail","6":"product_cat-hormones","7":"product_tag-cycl_mapping-24urine_plus-hcp","9":"first","10":"instock","11":"taxable","12":"shipping-taxable","13":"product-type-simple"},"yoast_head":"<!-- This site is optimized with the Yoast SEO plugin v27.2 - https:\/\/yoast.com\/product\/yoast-seo-wordpress\/ -->\n<title>Menstrual Cycle Mapping + 24 hr Comprehensive Urine Hormone Profile Plus - FLUIDS iQ<\/title>\n<meta name=\"robots\" content=\"index, follow, max-snippet:-1, max-image-preview:large, max-video-preview:-1\" \/>\n<link rel=\"canonical\" href=\"https:\/\/fluidsiq.com\/fr\/produit\/menstrual-cycle-mapping-24-hr-comprehensive-urine-hormone-profile-plus\/\" \/>\n<meta property=\"og:locale\" content=\"fr_FR\" \/>\n<meta property=\"og:type\" content=\"article\" \/>\n<meta property=\"og:title\" content=\"Menstrual Cycle Mapping + 24 hr Comprehensive Urine Hormone Profile Plus - FLUIDS iQ\" \/>\n<meta property=\"og:description\" content=\"&nbsp; Menstrual Cycle Mapping is designed for all individuals seeking a state of the art, complete analysis of female sex hormonal changes throughout a month, in order to help determine the root causes of menstrual problems, or to assess issues of fertility. This test analyzes levels of estradiol and progesterone throughout a menstrual cycle. This test analyzes levels of: Estradiol and Progesterone throughout a menstrual cycle in combination with our 24 hr Comprehensive Urine Hormone Profile Plus. Sample collection method: Saliva and Urine IMPORTANT: This test is NOT meant for women who are no longer cycling, are post-menopausal, on hormonal birth control, or taking Hormone Replacement Therapy (HRT). &nbsp;\" \/>\n<meta property=\"og:url\" content=\"https:\/\/fluidsiq.com\/fr\/produit\/menstrual-cycle-mapping-24-hr-comprehensive-urine-hormone-profile-plus\/\" \/>\n<meta property=\"og:site_name\" content=\"FLUIDS iQ\" \/>\n<meta property=\"article:modified_time\" content=\"2025-10-07T14:50:49+00:00\" \/>\n<meta property=\"og:image\" content=\"https:\/\/fluidsiq.com\/wp-content\/uploads\/2020\/06\/letter-h-blue_smaller.png\" \/>\n\t<meta property=\"og:image:width\" content=\"512\" \/>\n\t<meta property=\"og:image:height\" content=\"512\" \/>\n\t<meta property=\"og:image:type\" content=\"image\/png\" \/>\n<meta name=\"twitter:card\" content=\"summary_large_image\" \/>\n<meta name=\"twitter:label1\" content=\"Dur\u00e9e de lecture estim\u00e9e\" \/>\n\t<meta name=\"twitter:data1\" content=\"1 minute\" \/>\n<script type=\"application\/ld+json\" class=\"yoast-schema-graph\">{\"@context\":\"https:\/\/schema.org\",\"@graph\":[{\"@type\":\"WebPage\",\"@id\":\"https:\/\/fluidsiq.com\/product\/menstrual-cycle-mapping-24-hr-comprehensive-urine-hormone-profile-plus\/\",\"url\":\"https:\/\/fluidsiq.com\/product\/menstrual-cycle-mapping-24-hr-comprehensive-urine-hormone-profile-plus\/\",\"name\":\"Menstrual Cycle Mapping + 24 hr Comprehensive Urine Hormone Profile Plus - FLUIDS iQ\",\"isPartOf\":{\"@id\":\"https:\/\/fluidsiq.com\/#website\"},\"primaryImageOfPage\":{\"@id\":\"https:\/\/fluidsiq.com\/product\/menstrual-cycle-mapping-24-hr-comprehensive-urine-hormone-profile-plus\/#primaryimage\"},\"image\":{\"@id\":\"https:\/\/fluidsiq.com\/product\/menstrual-cycle-mapping-24-hr-comprehensive-urine-hormone-profile-plus\/#primaryimage\"},\"thumbnailUrl\":\"https:\/\/fluidsiq.com\/wp-content\/uploads\/2020\/06\/letter-h-blue_smaller.png\",\"datePublished\":\"2025-03-31T19:46:24+00:00\",\"dateModified\":\"2025-10-07T14:50:49+00:00\",\"breadcrumb\":{\"@id\":\"https:\/\/fluidsiq.com\/product\/menstrual-cycle-mapping-24-hr-comprehensive-urine-hormone-profile-plus\/#breadcrumb\"},\"inLanguage\":\"fr-FR\",\"potentialAction\":[{\"@type\":\"ReadAction\",\"target\":[\"https:\/\/fluidsiq.com\/product\/menstrual-cycle-mapping-24-hr-comprehensive-urine-hormone-profile-plus\/\"]}]},{\"@type\":\"ImageObject\",\"inLanguage\":\"fr-FR\",\"@id\":\"https:\/\/fluidsiq.com\/product\/menstrual-cycle-mapping-24-hr-comprehensive-urine-hormone-profile-plus\/#primaryimage\",\"url\":\"https:\/\/fluidsiq.com\/wp-content\/uploads\/2020\/06\/letter-h-blue_smaller.png\",\"contentUrl\":\"https:\/\/fluidsiq.com\/wp-content\/uploads\/2020\/06\/letter-h-blue_smaller.png\",\"width\":512,\"height\":512},{\"@type\":\"BreadcrumbList\",\"@id\":\"https:\/\/fluidsiq.com\/product\/menstrual-cycle-mapping-24-hr-comprehensive-urine-hormone-profile-plus\/#breadcrumb\",\"itemListElement\":[{\"@type\":\"ListItem\",\"position\":1,\"name\":\"Home\",\"item\":\"https:\/\/fluidsiq.com\/\"},{\"@type\":\"ListItem\",\"position\":2,\"name\":\"Buy Now\",\"item\":\"https:\/\/fluidsiq.com\/buy-now\/\"},{\"@type\":\"ListItem\",\"position\":3,\"name\":\"Menstrual Cycle Mapping + 24 hr Comprehensive Urine Hormone Profile Plus\"}]},{\"@type\":\"WebSite\",\"@id\":\"https:\/\/fluidsiq.com\/#website\",\"url\":\"https:\/\/fluidsiq.com\/\",\"name\":\"FLUIDS iQ\",\"description\":\"WELCOME TO FLUIDS iQ... Canada&#039;s Wellness Laboratory\u2122\",\"publisher\":{\"@id\":\"https:\/\/fluidsiq.com\/#organization\"},\"potentialAction\":[{\"@type\":\"SearchAction\",\"target\":{\"@type\":\"EntryPoint\",\"urlTemplate\":\"https:\/\/fluidsiq.com\/?s={search_term_string}\"},\"query-input\":{\"@type\":\"PropertyValueSpecification\",\"valueRequired\":true,\"valueName\":\"search_term_string\"}}],\"inLanguage\":\"fr-FR\"},{\"@type\":\"Organization\",\"@id\":\"https:\/\/fluidsiq.com\/#organization\",\"name\":\"FLUIDS iQ Inc.\",\"url\":\"https:\/\/fluidsiq.com\/\",\"logo\":{\"@type\":\"ImageObject\",\"inLanguage\":\"fr-FR\",\"@id\":\"https:\/\/fluidsiq.com\/#\/schema\/logo\/image\/\",\"url\":\"https:\/\/fluidsiq.com\/wp-content\/uploads\/2019\/09\/Logo_Woocom_new.jpg\",\"contentUrl\":\"https:\/\/fluidsiq.com\/wp-content\/uploads\/2019\/09\/Logo_Woocom_new.jpg\",\"width\":400,\"height\":400,\"caption\":\"FLUIDS iQ Inc.\"},\"image\":{\"@id\":\"https:\/\/fluidsiq.com\/#\/schema\/logo\/image\/\"},\"sameAs\":[\"https:\/\/www.youtube.com\/channel\/UCrURYdZtQTajmjHhJFP6sLg\"]}]}<\/script>\n<!-- \/ Yoast SEO plugin. -->","yoast_head_json":{"title":"Menstrual Cycle Mapping + 24 hr Comprehensive Urine Hormone Profile Plus - FLUIDS iQ","robots":{"index":"index","follow":"follow","max-snippet":"max-snippet:-1","max-image-preview":"max-image-preview:large","max-video-preview":"max-video-preview:-1"},"canonical":"https:\/\/fluidsiq.com\/fr\/produit\/menstrual-cycle-mapping-24-hr-comprehensive-urine-hormone-profile-plus\/","og_locale":"fr_FR","og_type":"article","og_title":"Menstrual Cycle Mapping + 24 hr Comprehensive Urine Hormone Profile Plus - FLUIDS iQ","og_description":"&nbsp; Menstrual Cycle Mapping is designed for all individuals seeking a state of the art, complete analysis of female sex hormonal changes throughout a month, in order to help determine the root causes of menstrual problems, or to assess issues of fertility. This test analyzes levels of estradiol and progesterone throughout a menstrual cycle. This test analyzes levels of: Estradiol and Progesterone throughout a menstrual cycle in combination with our 24 hr Comprehensive Urine Hormone Profile Plus. Sample collection method: Saliva and Urine IMPORTANT: This test is NOT meant for women who are no longer cycling, are post-menopausal, on hormonal birth control, or taking Hormone Replacement Therapy (HRT). &nbsp;","og_url":"https:\/\/fluidsiq.com\/fr\/produit\/menstrual-cycle-mapping-24-hr-comprehensive-urine-hormone-profile-plus\/","og_site_name":"FLUIDS iQ","article_modified_time":"2025-10-07T14:50:49+00:00","og_image":[{"width":512,"height":512,"url":"https:\/\/fluidsiq.com\/wp-content\/uploads\/2020\/06\/letter-h-blue_smaller.png","type":"image\/png"}],"twitter_card":"summary_large_image","twitter_misc":{"Dur\u00e9e de lecture estim\u00e9e":"1 minute"},"schema":{"@context":"https:\/\/schema.org","@graph":[{"@type":"WebPage","@id":"https:\/\/fluidsiq.com\/product\/menstrual-cycle-mapping-24-hr-comprehensive-urine-hormone-profile-plus\/","url":"https:\/\/fluidsiq.com\/product\/menstrual-cycle-mapping-24-hr-comprehensive-urine-hormone-profile-plus\/","name":"Menstrual Cycle Mapping + 24 hr Comprehensive Urine Hormone Profile Plus - FLUIDS iQ","isPartOf":{"@id":"https:\/\/fluidsiq.com\/#website"},"primaryImageOfPage":{"@id":"https:\/\/fluidsiq.com\/product\/menstrual-cycle-mapping-24-hr-comprehensive-urine-hormone-profile-plus\/#primaryimage"},"image":{"@id":"https:\/\/fluidsiq.com\/product\/menstrual-cycle-mapping-24-hr-comprehensive-urine-hormone-profile-plus\/#primaryimage"},"thumbnailUrl":"https:\/\/fluidsiq.com\/wp-content\/uploads\/2020\/06\/letter-h-blue_smaller.png","datePublished":"2025-03-31T19:46:24+00:00","dateModified":"2025-10-07T14:50:49+00:00","breadcrumb":{"@id":"https:\/\/fluidsiq.com\/product\/menstrual-cycle-mapping-24-hr-comprehensive-urine-hormone-profile-plus\/#breadcrumb"},"inLanguage":"fr-FR","potentialAction":[{"@type":"ReadAction","target":["https:\/\/fluidsiq.com\/product\/menstrual-cycle-mapping-24-hr-comprehensive-urine-hormone-profile-plus\/"]}]},{"@type":"ImageObject","inLanguage":"fr-FR","@id":"https:\/\/fluidsiq.com\/product\/menstrual-cycle-mapping-24-hr-comprehensive-urine-hormone-profile-plus\/#primaryimage","url":"https:\/\/fluidsiq.com\/wp-content\/uploads\/2020\/06\/letter-h-blue_smaller.png","contentUrl":"https:\/\/fluidsiq.com\/wp-content\/uploads\/2020\/06\/letter-h-blue_smaller.png","width":512,"height":512},{"@type":"BreadcrumbList","@id":"https:\/\/fluidsiq.com\/product\/menstrual-cycle-mapping-24-hr-comprehensive-urine-hormone-profile-plus\/#breadcrumb","itemListElement":[{"@type":"ListItem","position":1,"name":"Home","item":"https:\/\/fluidsiq.com\/"},{"@type":"ListItem","position":2,"name":"Buy Now","item":"https:\/\/fluidsiq.com\/buy-now\/"},{"@type":"ListItem","position":3,"name":"Menstrual Cycle Mapping + 24 hr Comprehensive Urine Hormone Profile Plus"}]},{"@type":"WebSite","@id":"https:\/\/fluidsiq.com\/#website","url":"https:\/\/fluidsiq.com\/","name":"FLUIDS iQ","description":"WELCOME TO FLUIDS iQ... Canada&#039;s Wellness Laboratory\u2122","publisher":{"@id":"https:\/\/fluidsiq.com\/#organization"},"potentialAction":[{"@type":"SearchAction","target":{"@type":"EntryPoint","urlTemplate":"https:\/\/fluidsiq.com\/?s={search_term_string}"},"query-input":{"@type":"PropertyValueSpecification","valueRequired":true,"valueName":"search_term_string"}}],"inLanguage":"fr-FR"},{"@type":"Organization","@id":"https:\/\/fluidsiq.com\/#organization","name":"FLUIDS iQ Inc.","url":"https:\/\/fluidsiq.com\/","logo":{"@type":"ImageObject","inLanguage":"fr-FR","@id":"https:\/\/fluidsiq.com\/#\/schema\/logo\/image\/","url":"https:\/\/fluidsiq.com\/wp-content\/uploads\/2019\/09\/Logo_Woocom_new.jpg","contentUrl":"https:\/\/fluidsiq.com\/wp-content\/uploads\/2019\/09\/Logo_Woocom_new.jpg","width":400,"height":400,"caption":"FLUIDS iQ Inc."},"image":{"@id":"https:\/\/fluidsiq.com\/#\/schema\/logo\/image\/"},"sameAs":["https:\/\/www.youtube.com\/channel\/UCrURYdZtQTajmjHhJFP6sLg"]}]}},"_links":{"self":[{"href":"https:\/\/fluidsiq.com\/fr\/wp-json\/wp\/v2\/product\/17057","targetHints":{"allow":["GET"]}}],"collection":[{"href":"https:\/\/fluidsiq.com\/fr\/wp-json\/wp\/v2\/product"}],"about":[{"href":"https:\/\/fluidsiq.com\/fr\/wp-json\/wp\/v2\/types\/product"}],"version-history":[{"count":0,"href":"https:\/\/fluidsiq.com\/fr\/wp-json\/wp\/v2\/product\/17057\/revisions"}],"wp:featuredmedia":[{"embeddable":true,"href":"https:\/\/fluidsiq.com\/fr\/wp-json\/wp\/v2\/media\/4784"}],"wp:attachment":[{"href":"https:\/\/fluidsiq.com\/fr\/wp-json\/wp\/v2\/media?parent=17057"}],"wp:term":[{"taxonomy":"product_brand","embeddable":true,"href":"https:\/\/fluidsiq.com\/fr\/wp-json\/wp\/v2\/product_brand?post=17057"},{"taxonomy":"product_cat","embeddable":true,"href":"https:\/\/fluidsiq.com\/fr\/wp-json\/wp\/v2\/product_cat?post=17057"},{"taxonomy":"product_tag","embeddable":true,"href":"https:\/\/fluidsiq.com\/fr\/wp-json\/wp\/v2\/product_tag?post=17057"}],"curies":[{"name":"wp","href":"https:\/\/api.w.org\/{rel}","templated":true}]}}