
{"id":17043,"date":"2025-03-31T15:30:36","date_gmt":"2025-03-31T19:30:36","guid":{"rendered":"https:\/\/fluidsiq.com\/?post_type=product&#038;p=17043"},"modified":"2025-03-31T16:39:38","modified_gmt":"2025-03-31T20:39:38","slug":"menstrual-cycle-mapping-2","status":"publish","type":"product","link":"https:\/\/fluidsiq.com\/fr\/produit\/menstrual-cycle-mapping-2\/","title":{"rendered":"La cartographie du<br>cycle menstruel"},"content":{"rendered":"\t\t<div data-elementor-type=\"product-post\" data-elementor-id=\"17043\" class=\"elementor elementor-17043\" data-elementor-post-type=\"product\">\n\t\t\t\t\t\t<section class=\"elementor-section elementor-top-section elementor-element elementor-element-d7852d3 elementor-section-boxed elementor-section-height-default elementor-section-height-default\" data-id=\"d7852d3\" data-element_type=\"section\" data-e-type=\"section\" data-settings=\"{&quot;jet_parallax_layout_list&quot;:[{&quot;jet_parallax_layout_image&quot;:{&quot;url&quot;:&quot;&quot;,&quot;id&quot;:&quot;&quot;,&quot;size&quot;:&quot;&quot;},&quot;_id&quot;:&quot;7295ff0&quot;,&quot;jet_parallax_layout_image_tablet&quot;:{&quot;url&quot;:&quot;&quot;,&quot;id&quot;:&quot;&quot;,&quot;size&quot;:&quot;&quot;},&quot;jet_parallax_layout_image_mobile&quot;:{&quot;url&quot;:&quot;&quot;,&quot;id&quot;:&quot;&quot;,&quot;size&quot;:&quot;&quot;},&quot;jet_parallax_layout_speed&quot;:{&quot;unit&quot;:&quot;%&quot;,&quot;size&quot;:50,&quot;sizes&quot;:[]},&quot;jet_parallax_layout_type&quot;:&quot;scroll&quot;,&quot;jet_parallax_layout_direction&quot;:&quot;1&quot;,&quot;jet_parallax_layout_fx_direction&quot;:null,&quot;jet_parallax_layout_z_index&quot;:&quot;&quot;,&quot;jet_parallax_layout_bg_x&quot;:50,&quot;jet_parallax_layout_bg_x_tablet&quot;:&quot;&quot;,&quot;jet_parallax_layout_bg_x_mobile&quot;:&quot;&quot;,&quot;jet_parallax_layout_bg_y&quot;:50,&quot;jet_parallax_layout_bg_y_tablet&quot;:&quot;&quot;,&quot;jet_parallax_layout_bg_y_mobile&quot;:&quot;&quot;,&quot;jet_parallax_layout_bg_size&quot;:&quot;auto&quot;,&quot;jet_parallax_layout_bg_size_tablet&quot;:&quot;&quot;,&quot;jet_parallax_layout_bg_size_mobile&quot;:&quot;&quot;,&quot;jet_parallax_layout_animation_prop&quot;:&quot;transform&quot;,&quot;jet_parallax_layout_on&quot;:[&quot;desktop&quot;,&quot;tablet&quot;]}]}\">\n\t\t\t\t\t\t<div class=\"elementor-container elementor-column-gap-default\">\n\t\t\t\t\t<div class=\"elementor-column elementor-col-100 elementor-top-column elementor-element elementor-element-a4dbf16\" data-id=\"a4dbf16\" data-element_type=\"column\" data-e-type=\"column\">\n\t\t\t<div class=\"elementor-widget-wrap elementor-element-populated\">\n\t\t\t\t\t\t<section class=\"elementor-section elementor-inner-section elementor-element elementor-element-a5ae7b6 elementor-section-boxed elementor-section-height-default elementor-section-height-default\" data-id=\"a5ae7b6\" data-element_type=\"section\" data-e-type=\"section\" data-settings=\"{&quot;jet_parallax_layout_list&quot;:[{&quot;jet_parallax_layout_image&quot;:{&quot;url&quot;:&quot;&quot;,&quot;id&quot;:&quot;&quot;,&quot;size&quot;:&quot;&quot;},&quot;_id&quot;:&quot;f1bafb8&quot;,&quot;jet_parallax_layout_image_tablet&quot;:{&quot;url&quot;:&quot;&quot;,&quot;id&quot;:&quot;&quot;,&quot;size&quot;:&quot;&quot;},&quot;jet_parallax_layout_image_mobile&quot;:{&quot;url&quot;:&quot;&quot;,&quot;id&quot;:&quot;&quot;,&quot;size&quot;:&quot;&quot;},&quot;jet_parallax_layout_speed&quot;:{&quot;unit&quot;:&quot;%&quot;,&quot;size&quot;:50,&quot;sizes&quot;:[]},&quot;jet_parallax_layout_type&quot;:&quot;scroll&quot;,&quot;jet_parallax_layout_direction&quot;:&quot;1&quot;,&quot;jet_parallax_layout_fx_direction&quot;:null,&quot;jet_parallax_layout_z_index&quot;:&quot;&quot;,&quot;jet_parallax_layout_bg_x&quot;:50,&quot;jet_parallax_layout_bg_x_tablet&quot;:&quot;&quot;,&quot;jet_parallax_layout_bg_x_mobile&quot;:&quot;&quot;,&quot;jet_parallax_layout_bg_y&quot;:50,&quot;jet_parallax_layout_bg_y_tablet&quot;:&quot;&quot;,&quot;jet_parallax_layout_bg_y_mobile&quot;:&quot;&quot;,&quot;jet_parallax_layout_bg_size&quot;:&quot;auto&quot;,&quot;jet_parallax_layout_bg_size_tablet&quot;:&quot;&quot;,&quot;jet_parallax_layout_bg_size_mobile&quot;:&quot;&quot;,&quot;jet_parallax_layout_animation_prop&quot;:&quot;transform&quot;,&quot;jet_parallax_layout_on&quot;:[&quot;desktop&quot;,&quot;tablet&quot;]}]}\">\n\t\t\t\t\t\t<div class=\"elementor-container elementor-column-gap-default\">\n\t\t\t\t\t<div class=\"elementor-column elementor-col-50 elementor-inner-column elementor-element elementor-element-ac706c6\" data-id=\"ac706c6\" data-element_type=\"column\" data-e-type=\"column\">\n\t\t\t<div class=\"elementor-widget-wrap elementor-element-populated\">\n\t\t\t\t\t\t<div class=\"elementor-element elementor-element-b28403b elementor-widget elementor-widget-image\" data-id=\"b28403b\" data-element_type=\"widget\" data-e-type=\"widget\" data-widget_type=\"image.default\">\n\t\t\t\t<div class=\"elementor-widget-container\">\n\t\t\t\t\t\t\t\t\t\t\t\t\t\t\t<img fetchpriority=\"high\" decoding=\"async\" width=\"400\" height=\"225\" src=\"https:\/\/fluidsiq.com\/wp-content\/uploads\/2019\/10\/box.png\" class=\"attachment-full size-full wp-image-4613\" alt=\"\" srcset=\"https:\/\/fluidsiq.com\/wp-content\/uploads\/2019\/10\/box.png 400w, https:\/\/fluidsiq.com\/wp-content\/uploads\/2019\/10\/box-300x169.png 300w, https:\/\/fluidsiq.com\/wp-content\/uploads\/2019\/10\/box-150x85.png 150w\" sizes=\"(max-width: 400px) 100vw, 400px\" \/>\t\t\t\t\t\t\t\t\t\t\t\t\t\t\t<\/div>\n\t\t\t\t<\/div>\n\t\t\t\t<div class=\"elementor-element elementor-element-37a987f elementor-widget__width-initial elementor-widget elementor-widget-text-editor\" data-id=\"37a987f\" data-element_type=\"widget\" data-e-type=\"widget\" data-widget_type=\"text-editor.default\">\n\t\t\t\t<div class=\"elementor-widget-container\">\n\t\t\t\t\t\t\t\t\t<strong>Step 1)<\/strong>\t\t\t\t\t\t\t\t<\/div>\n\t\t\t\t<\/div>\n\t\t\t\t<div class=\"elementor-element elementor-element-222a8bc elementor-widget__width-initial elementor-widget elementor-widget-text-editor\" data-id=\"222a8bc\" data-element_type=\"widget\" data-e-type=\"widget\" data-widget_type=\"text-editor.default\">\n\t\t\t\t<div class=\"elementor-widget-container\">\n\t\t\t\t\t\t\t\t\t<p>Once you complete your order we&#8217;ll ship you a testing kit<\/p>\t\t\t\t\t\t\t\t<\/div>\n\t\t\t\t<\/div>\n\t\t\t\t\t<\/div>\n\t\t<\/div>\n\t\t\t\t<div class=\"elementor-column elementor-col-50 elementor-inner-column elementor-element elementor-element-e54a8f0\" data-id=\"e54a8f0\" data-element_type=\"column\" data-e-type=\"column\">\n\t\t\t<div class=\"elementor-widget-wrap elementor-element-populated\">\n\t\t\t\t\t\t<div class=\"elementor-element elementor-element-adc8a5d elementor-widget elementor-widget-image\" data-id=\"adc8a5d\" data-element_type=\"widget\" data-e-type=\"widget\" data-widget_type=\"image.default\">\n\t\t\t\t<div class=\"elementor-widget-container\">\n\t\t\t\t\t\t\t\t\t\t\t\t\t\t\t<img decoding=\"async\" width=\"400\" height=\"225\" src=\"https:\/\/fluidsiq.com\/wp-content\/uploads\/2020\/06\/tube-2-400.png\" class=\"attachment-full size-full wp-image-4772\" alt=\"\" srcset=\"https:\/\/fluidsiq.com\/wp-content\/uploads\/2020\/06\/tube-2-400.png 400w, https:\/\/fluidsiq.com\/wp-content\/uploads\/2020\/06\/tube-2-400-300x169.png 300w, https:\/\/fluidsiq.com\/wp-content\/uploads\/2020\/06\/tube-2-400-150x85.png 150w\" sizes=\"(max-width: 400px) 100vw, 400px\" \/>\t\t\t\t\t\t\t\t\t\t\t\t\t\t\t<\/div>\n\t\t\t\t<\/div>\n\t\t\t\t<div class=\"elementor-element elementor-element-4511055 elementor-widget__width-initial elementor-widget elementor-widget-text-editor\" data-id=\"4511055\" data-element_type=\"widget\" data-e-type=\"widget\" data-widget_type=\"text-editor.default\">\n\t\t\t\t<div class=\"elementor-widget-container\">\n\t\t\t\t\t\t\t\t\t<strong>Step 2)<\/strong>\t\t\t\t\t\t\t\t<\/div>\n\t\t\t\t<\/div>\n\t\t\t\t<div class=\"elementor-element elementor-element-2cf075a elementor-widget__width-initial elementor-widget elementor-widget-text-editor\" data-id=\"2cf075a\" data-element_type=\"widget\" data-e-type=\"widget\" data-widget_type=\"text-editor.default\">\n\t\t\t\t<div class=\"elementor-widget-container\">\n\t\t\t\t\t\t\t\t\tCollect your sample using the materials included in the kit\t\t\t\t\t\t\t\t<\/div>\n\t\t\t\t<\/div>\n\t\t\t\t\t<\/div>\n\t\t<\/div>\n\t\t\t\t\t<\/div>\n\t\t<\/section>\n\t\t\t\t<section class=\"elementor-section elementor-inner-section elementor-element elementor-element-4fa9caf elementor-section-boxed elementor-section-height-default elementor-section-height-default\" data-id=\"4fa9caf\" data-element_type=\"section\" data-e-type=\"section\" data-settings=\"{&quot;jet_parallax_layout_list&quot;:[{&quot;jet_parallax_layout_image&quot;:{&quot;url&quot;:&quot;&quot;,&quot;id&quot;:&quot;&quot;,&quot;size&quot;:&quot;&quot;},&quot;_id&quot;:&quot;f1bafb8&quot;,&quot;jet_parallax_layout_image_tablet&quot;:{&quot;url&quot;:&quot;&quot;,&quot;id&quot;:&quot;&quot;,&quot;size&quot;:&quot;&quot;},&quot;jet_parallax_layout_image_mobile&quot;:{&quot;url&quot;:&quot;&quot;,&quot;id&quot;:&quot;&quot;,&quot;size&quot;:&quot;&quot;},&quot;jet_parallax_layout_speed&quot;:{&quot;unit&quot;:&quot;%&quot;,&quot;size&quot;:50,&quot;sizes&quot;:[]},&quot;jet_parallax_layout_type&quot;:&quot;scroll&quot;,&quot;jet_parallax_layout_direction&quot;:&quot;1&quot;,&quot;jet_parallax_layout_fx_direction&quot;:null,&quot;jet_parallax_layout_z_index&quot;:&quot;&quot;,&quot;jet_parallax_layout_bg_x&quot;:50,&quot;jet_parallax_layout_bg_x_tablet&quot;:&quot;&quot;,&quot;jet_parallax_layout_bg_x_mobile&quot;:&quot;&quot;,&quot;jet_parallax_layout_bg_y&quot;:50,&quot;jet_parallax_layout_bg_y_tablet&quot;:&quot;&quot;,&quot;jet_parallax_layout_bg_y_mobile&quot;:&quot;&quot;,&quot;jet_parallax_layout_bg_size&quot;:&quot;auto&quot;,&quot;jet_parallax_layout_bg_size_tablet&quot;:&quot;&quot;,&quot;jet_parallax_layout_bg_size_mobile&quot;:&quot;&quot;,&quot;jet_parallax_layout_animation_prop&quot;:&quot;transform&quot;,&quot;jet_parallax_layout_on&quot;:[&quot;desktop&quot;,&quot;tablet&quot;]}]}\">\n\t\t\t\t\t\t<div class=\"elementor-container elementor-column-gap-default\">\n\t\t\t\t\t<div class=\"elementor-column elementor-col-50 elementor-inner-column elementor-element elementor-element-74748fe\" data-id=\"74748fe\" data-element_type=\"column\" data-e-type=\"column\">\n\t\t\t<div class=\"elementor-widget-wrap elementor-element-populated\">\n\t\t\t\t\t\t<div class=\"elementor-element elementor-element-9d9e927 elementor-widget elementor-widget-image\" data-id=\"9d9e927\" data-element_type=\"widget\" data-e-type=\"widget\" data-widget_type=\"image.default\">\n\t\t\t\t<div class=\"elementor-widget-container\">\n\t\t\t\t\t\t\t\t\t\t\t\t\t\t\t<img decoding=\"async\" width=\"400\" height=\"225\" src=\"https:\/\/fluidsiq.com\/wp-content\/uploads\/2019\/10\/truck-2.png\" class=\"attachment-full size-full wp-image-4614\" alt=\"\" srcset=\"https:\/\/fluidsiq.com\/wp-content\/uploads\/2019\/10\/truck-2.png 400w, https:\/\/fluidsiq.com\/wp-content\/uploads\/2019\/10\/truck-2-300x169.png 300w, https:\/\/fluidsiq.com\/wp-content\/uploads\/2019\/10\/truck-2-150x85.png 150w\" sizes=\"(max-width: 400px) 100vw, 400px\" \/>\t\t\t\t\t\t\t\t\t\t\t\t\t\t\t<\/div>\n\t\t\t\t<\/div>\n\t\t\t\t<div class=\"elementor-element elementor-element-fb11361 elementor-widget__width-initial elementor-widget elementor-widget-text-editor\" data-id=\"fb11361\" data-element_type=\"widget\" data-e-type=\"widget\" data-widget_type=\"text-editor.default\">\n\t\t\t\t<div class=\"elementor-widget-container\">\n\t\t\t\t\t\t\t\t\t<strong>Step 3)<\/strong>\t\t\t\t\t\t\t\t<\/div>\n\t\t\t\t<\/div>\n\t\t\t\t<div class=\"elementor-element elementor-element-3108d81 elementor-widget__width-initial elementor-widget elementor-widget-text-editor\" data-id=\"3108d81\" data-element_type=\"widget\" data-e-type=\"widget\" data-widget_type=\"text-editor.default\">\n\t\t\t\t<div class=\"elementor-widget-container\">\n\t\t\t\t\t\t\t\t\tReturn the sample to us using the prepaid mailer provided\t\t\t\t\t\t\t\t<\/div>\n\t\t\t\t<\/div>\n\t\t\t\t\t<\/div>\n\t\t<\/div>\n\t\t\t\t<div class=\"elementor-column elementor-col-50 elementor-inner-column elementor-element elementor-element-4962a33\" data-id=\"4962a33\" data-element_type=\"column\" data-e-type=\"column\">\n\t\t\t<div class=\"elementor-widget-wrap elementor-element-populated\">\n\t\t\t\t\t\t<div class=\"elementor-element elementor-element-0daca97 elementor-widget elementor-widget-image\" data-id=\"0daca97\" data-element_type=\"widget\" data-e-type=\"widget\" data-widget_type=\"image.default\">\n\t\t\t\t<div class=\"elementor-widget-container\">\n\t\t\t\t\t\t\t\t\t\t\t\t\t\t\t<img loading=\"lazy\" decoding=\"async\" width=\"400\" height=\"225\" src=\"https:\/\/fluidsiq.com\/wp-content\/uploads\/2019\/10\/report-full-2.png\" class=\"attachment-full size-full wp-image-4620\" alt=\"\" srcset=\"https:\/\/fluidsiq.com\/wp-content\/uploads\/2019\/10\/report-full-2.png 400w, https:\/\/fluidsiq.com\/wp-content\/uploads\/2019\/10\/report-full-2-300x169.png 300w, https:\/\/fluidsiq.com\/wp-content\/uploads\/2019\/10\/report-full-2-150x85.png 150w\" sizes=\"(max-width: 400px) 100vw, 400px\" \/>\t\t\t\t\t\t\t\t\t\t\t\t\t\t\t<\/div>\n\t\t\t\t<\/div>\n\t\t\t\t<div class=\"elementor-element elementor-element-3c1c0b0 elementor-widget__width-initial elementor-widget elementor-widget-text-editor\" data-id=\"3c1c0b0\" data-element_type=\"widget\" data-e-type=\"widget\" data-widget_type=\"text-editor.default\">\n\t\t\t\t<div class=\"elementor-widget-container\">\n\t\t\t\t\t\t\t\t\t<strong>Step 4)<\/strong>\t\t\t\t\t\t\t\t<\/div>\n\t\t\t\t<\/div>\n\t\t\t\t<div class=\"elementor-element elementor-element-f1a7ea5 elementor-widget__width-initial elementor-widget elementor-widget-text-editor\" data-id=\"f1a7ea5\" data-element_type=\"widget\" data-e-type=\"widget\" data-widget_type=\"text-editor.default\">\n\t\t\t\t<div class=\"elementor-widget-container\">\n\t\t\t\t\t\t\t\t\t<p>Results are sent to your health care professional.<\/p>\t\t\t\t\t\t\t\t<\/div>\n\t\t\t\t<\/div>\n\t\t\t\t\t<\/div>\n\t\t<\/div>\n\t\t\t\t\t<\/div>\n\t\t<\/section>\n\t\t\t\t\t<\/div>\n\t\t<\/div>\n\t\t\t\t\t<\/div>\n\t\t<\/section>\n\t\t\t\t<\/div>\n\t\t","protected":false},"excerpt":{"rendered":"<p>&nbsp;<\/p>\n<p style=\"font-size: 16px; font-weight: 400;\">La cartographie du cycle menstruel est con\u00e7ue pour toutes les personnes recherchant une analyse compl\u00e8te et de pointe des changements hormonaux sexuels f\u00e9minins au cours d'un mois, afin d'aider \u00e0 d\u00e9terminer les causes profondes des probl\u00e8mes menstruels ou d'\u00e9valuer les probl\u00e8mes de fertilit\u00e9.<\/p>\n<p style=\"font-size: 16px; font-weight: 400;\">Ce test analyse les niveaux d'estradiol et de progest\u00e9rone tout au long d'un cycle menstruel.<\/p>\n<p style=\"font-size: 16px; font-weight: 400;\">Ce test anaylise les niveaux de: <strong>d'estradiol et de progest\u00e9rone<\/strong><br \/>\nM\u00e9thode de pr\u00e9l\u00e8vement de l'\u00e9chantillon <strong>salive<\/strong><\/p>\n<p style=\"font-size: 16px; font-weight: 400;\"><strong>IMPORTANT:<\/strong> Ce test n'est PAS destin\u00e9 aux femmes qui n'ont plus de cycle menstruel, qui sont m\u00e9nopaus\u00e9es, qui prennent une contraception hormonale ou qui suivent un traitement hormonal substitutif (THS).<\/p>\n<p>","protected":false},"featured_media":4784,"template":"","meta":[],"product_brand":[],"product_cat":[104],"product_tag":[302],"class_list":{"0":"post-17043","1":"product","2":"type-product","3":"status-publish","4":"has-post-thumbnail","6":"product_cat-patient-hormones","7":"product_tag-cycl_mapping-pat","9":"first","10":"instock","11":"taxable","12":"shipping-taxable","13":"product-type-simple"},"yoast_head":"<!-- This site is optimized with the Yoast SEO plugin v27.2 - https:\/\/yoast.com\/product\/yoast-seo-wordpress\/ -->\n<title>Menstrual Cycle Mapping - FLUIDS iQ<\/title>\n<meta name=\"robots\" content=\"index, follow, max-snippet:-1, max-image-preview:large, max-video-preview:-1\" \/>\n<link rel=\"canonical\" href=\"https:\/\/fluidsiq.com\/fr\/produit\/menstrual-cycle-mapping-2\/\" \/>\n<meta property=\"og:locale\" content=\"fr_FR\" \/>\n<meta property=\"og:type\" content=\"article\" \/>\n<meta property=\"og:title\" content=\"Menstrual Cycle Mapping - FLUIDS iQ\" \/>\n<meta property=\"og:description\" content=\"&nbsp; Menstrual Cycle Mapping is designed for all individuals seeking a state of the art, complete analysis of female sex hormonal changes throughout a month, in order to help determine the root causes of menstrual problems, or to assess issues of fertility. This test analyzes levels of estradiol and progesterone throughout a menstrual cycle. This test analyzes levels of: Estradiol and Progesterone Sample collection method: Saliva IMPORTANT: This test is NOT meant for women who are no longer cycling, are post-menopausal, on hormonal birth control, or taking Hormone Replacement Therapy (HRT).\" \/>\n<meta property=\"og:url\" content=\"https:\/\/fluidsiq.com\/fr\/produit\/menstrual-cycle-mapping-2\/\" \/>\n<meta property=\"og:site_name\" content=\"FLUIDS iQ\" \/>\n<meta property=\"article:modified_time\" content=\"2025-03-31T20:39:38+00:00\" \/>\n<meta property=\"og:image\" content=\"https:\/\/fluidsiq.com\/wp-content\/uploads\/2020\/06\/letter-h-blue_smaller.png\" \/>\n\t<meta property=\"og:image:width\" content=\"512\" \/>\n\t<meta property=\"og:image:height\" content=\"512\" \/>\n\t<meta property=\"og:image:type\" content=\"image\/png\" \/>\n<meta name=\"twitter:card\" content=\"summary_large_image\" \/>\n<meta name=\"twitter:label1\" content=\"Dur\u00e9e de lecture estim\u00e9e\" \/>\n\t<meta name=\"twitter:data1\" content=\"2 minutes\" \/>\n<script type=\"application\/ld+json\" class=\"yoast-schema-graph\">{\"@context\":\"https:\/\/schema.org\",\"@graph\":[{\"@type\":\"WebPage\",\"@id\":\"https:\/\/fluidsiq.com\/product\/menstrual-cycle-mapping-2\/\",\"url\":\"https:\/\/fluidsiq.com\/product\/menstrual-cycle-mapping-2\/\",\"name\":\"Menstrual Cycle Mapping - FLUIDS iQ\",\"isPartOf\":{\"@id\":\"https:\/\/fluidsiq.com\/#website\"},\"primaryImageOfPage\":{\"@id\":\"https:\/\/fluidsiq.com\/product\/menstrual-cycle-mapping-2\/#primaryimage\"},\"image\":{\"@id\":\"https:\/\/fluidsiq.com\/product\/menstrual-cycle-mapping-2\/#primaryimage\"},\"thumbnailUrl\":\"https:\/\/fluidsiq.com\/wp-content\/uploads\/2020\/06\/letter-h-blue_smaller.png\",\"datePublished\":\"2025-03-31T19:30:36+00:00\",\"dateModified\":\"2025-03-31T20:39:38+00:00\",\"breadcrumb\":{\"@id\":\"https:\/\/fluidsiq.com\/product\/menstrual-cycle-mapping-2\/#breadcrumb\"},\"inLanguage\":\"fr-FR\",\"potentialAction\":[{\"@type\":\"ReadAction\",\"target\":[\"https:\/\/fluidsiq.com\/product\/menstrual-cycle-mapping-2\/\"]}]},{\"@type\":\"ImageObject\",\"inLanguage\":\"fr-FR\",\"@id\":\"https:\/\/fluidsiq.com\/product\/menstrual-cycle-mapping-2\/#primaryimage\",\"url\":\"https:\/\/fluidsiq.com\/wp-content\/uploads\/2020\/06\/letter-h-blue_smaller.png\",\"contentUrl\":\"https:\/\/fluidsiq.com\/wp-content\/uploads\/2020\/06\/letter-h-blue_smaller.png\",\"width\":512,\"height\":512},{\"@type\":\"BreadcrumbList\",\"@id\":\"https:\/\/fluidsiq.com\/product\/menstrual-cycle-mapping-2\/#breadcrumb\",\"itemListElement\":[{\"@type\":\"ListItem\",\"position\":1,\"name\":\"Home\",\"item\":\"https:\/\/fluidsiq.com\/\"},{\"@type\":\"ListItem\",\"position\":2,\"name\":\"Buy Now\",\"item\":\"https:\/\/fluidsiq.com\/buy-now\/\"},{\"@type\":\"ListItem\",\"position\":3,\"name\":\"Menstrual Cycle Mapping\"}]},{\"@type\":\"WebSite\",\"@id\":\"https:\/\/fluidsiq.com\/#website\",\"url\":\"https:\/\/fluidsiq.com\/\",\"name\":\"FLUIDS iQ\",\"description\":\"WELCOME TO FLUIDS iQ... Canada&#039;s Wellness Laboratory\u2122\",\"publisher\":{\"@id\":\"https:\/\/fluidsiq.com\/#organization\"},\"potentialAction\":[{\"@type\":\"SearchAction\",\"target\":{\"@type\":\"EntryPoint\",\"urlTemplate\":\"https:\/\/fluidsiq.com\/?s={search_term_string}\"},\"query-input\":{\"@type\":\"PropertyValueSpecification\",\"valueRequired\":true,\"valueName\":\"search_term_string\"}}],\"inLanguage\":\"fr-FR\"},{\"@type\":\"Organization\",\"@id\":\"https:\/\/fluidsiq.com\/#organization\",\"name\":\"FLUIDS iQ Inc.\",\"url\":\"https:\/\/fluidsiq.com\/\",\"logo\":{\"@type\":\"ImageObject\",\"inLanguage\":\"fr-FR\",\"@id\":\"https:\/\/fluidsiq.com\/#\/schema\/logo\/image\/\",\"url\":\"https:\/\/fluidsiq.com\/wp-content\/uploads\/2019\/09\/Logo_Woocom_new.jpg\",\"contentUrl\":\"https:\/\/fluidsiq.com\/wp-content\/uploads\/2019\/09\/Logo_Woocom_new.jpg\",\"width\":400,\"height\":400,\"caption\":\"FLUIDS iQ Inc.\"},\"image\":{\"@id\":\"https:\/\/fluidsiq.com\/#\/schema\/logo\/image\/\"},\"sameAs\":[\"https:\/\/www.youtube.com\/channel\/UCrURYdZtQTajmjHhJFP6sLg\"]}]}<\/script>\n<!-- \/ Yoast SEO plugin. -->","yoast_head_json":{"title":"Menstrual Cycle Mapping - FLUIDS iQ","robots":{"index":"index","follow":"follow","max-snippet":"max-snippet:-1","max-image-preview":"max-image-preview:large","max-video-preview":"max-video-preview:-1"},"canonical":"https:\/\/fluidsiq.com\/fr\/produit\/menstrual-cycle-mapping-2\/","og_locale":"fr_FR","og_type":"article","og_title":"Menstrual Cycle Mapping - FLUIDS iQ","og_description":"&nbsp; Menstrual Cycle Mapping is designed for all individuals seeking a state of the art, complete analysis of female sex hormonal changes throughout a month, in order to help determine the root causes of menstrual problems, or to assess issues of fertility. This test analyzes levels of estradiol and progesterone throughout a menstrual cycle. This test analyzes levels of: Estradiol and Progesterone Sample collection method: Saliva IMPORTANT: This test is NOT meant for women who are no longer cycling, are post-menopausal, on hormonal birth control, or taking Hormone Replacement Therapy (HRT).","og_url":"https:\/\/fluidsiq.com\/fr\/produit\/menstrual-cycle-mapping-2\/","og_site_name":"FLUIDS iQ","article_modified_time":"2025-03-31T20:39:38+00:00","og_image":[{"width":512,"height":512,"url":"https:\/\/fluidsiq.com\/wp-content\/uploads\/2020\/06\/letter-h-blue_smaller.png","type":"image\/png"}],"twitter_card":"summary_large_image","twitter_misc":{"Dur\u00e9e de lecture estim\u00e9e":"2 minutes"},"schema":{"@context":"https:\/\/schema.org","@graph":[{"@type":"WebPage","@id":"https:\/\/fluidsiq.com\/product\/menstrual-cycle-mapping-2\/","url":"https:\/\/fluidsiq.com\/product\/menstrual-cycle-mapping-2\/","name":"Menstrual Cycle Mapping - FLUIDS iQ","isPartOf":{"@id":"https:\/\/fluidsiq.com\/#website"},"primaryImageOfPage":{"@id":"https:\/\/fluidsiq.com\/product\/menstrual-cycle-mapping-2\/#primaryimage"},"image":{"@id":"https:\/\/fluidsiq.com\/product\/menstrual-cycle-mapping-2\/#primaryimage"},"thumbnailUrl":"https:\/\/fluidsiq.com\/wp-content\/uploads\/2020\/06\/letter-h-blue_smaller.png","datePublished":"2025-03-31T19:30:36+00:00","dateModified":"2025-03-31T20:39:38+00:00","breadcrumb":{"@id":"https:\/\/fluidsiq.com\/product\/menstrual-cycle-mapping-2\/#breadcrumb"},"inLanguage":"fr-FR","potentialAction":[{"@type":"ReadAction","target":["https:\/\/fluidsiq.com\/product\/menstrual-cycle-mapping-2\/"]}]},{"@type":"ImageObject","inLanguage":"fr-FR","@id":"https:\/\/fluidsiq.com\/product\/menstrual-cycle-mapping-2\/#primaryimage","url":"https:\/\/fluidsiq.com\/wp-content\/uploads\/2020\/06\/letter-h-blue_smaller.png","contentUrl":"https:\/\/fluidsiq.com\/wp-content\/uploads\/2020\/06\/letter-h-blue_smaller.png","width":512,"height":512},{"@type":"BreadcrumbList","@id":"https:\/\/fluidsiq.com\/product\/menstrual-cycle-mapping-2\/#breadcrumb","itemListElement":[{"@type":"ListItem","position":1,"name":"Home","item":"https:\/\/fluidsiq.com\/"},{"@type":"ListItem","position":2,"name":"Buy Now","item":"https:\/\/fluidsiq.com\/buy-now\/"},{"@type":"ListItem","position":3,"name":"Menstrual Cycle Mapping"}]},{"@type":"WebSite","@id":"https:\/\/fluidsiq.com\/#website","url":"https:\/\/fluidsiq.com\/","name":"FLUIDS iQ","description":"WELCOME TO FLUIDS iQ... Canada&#039;s Wellness Laboratory\u2122","publisher":{"@id":"https:\/\/fluidsiq.com\/#organization"},"potentialAction":[{"@type":"SearchAction","target":{"@type":"EntryPoint","urlTemplate":"https:\/\/fluidsiq.com\/?s={search_term_string}"},"query-input":{"@type":"PropertyValueSpecification","valueRequired":true,"valueName":"search_term_string"}}],"inLanguage":"fr-FR"},{"@type":"Organization","@id":"https:\/\/fluidsiq.com\/#organization","name":"FLUIDS iQ Inc.","url":"https:\/\/fluidsiq.com\/","logo":{"@type":"ImageObject","inLanguage":"fr-FR","@id":"https:\/\/fluidsiq.com\/#\/schema\/logo\/image\/","url":"https:\/\/fluidsiq.com\/wp-content\/uploads\/2019\/09\/Logo_Woocom_new.jpg","contentUrl":"https:\/\/fluidsiq.com\/wp-content\/uploads\/2019\/09\/Logo_Woocom_new.jpg","width":400,"height":400,"caption":"FLUIDS iQ Inc."},"image":{"@id":"https:\/\/fluidsiq.com\/#\/schema\/logo\/image\/"},"sameAs":["https:\/\/www.youtube.com\/channel\/UCrURYdZtQTajmjHhJFP6sLg"]}]}},"_links":{"self":[{"href":"https:\/\/fluidsiq.com\/fr\/wp-json\/wp\/v2\/product\/17043","targetHints":{"allow":["GET"]}}],"collection":[{"href":"https:\/\/fluidsiq.com\/fr\/wp-json\/wp\/v2\/product"}],"about":[{"href":"https:\/\/fluidsiq.com\/fr\/wp-json\/wp\/v2\/types\/product"}],"version-history":[{"count":0,"href":"https:\/\/fluidsiq.com\/fr\/wp-json\/wp\/v2\/product\/17043\/revisions"}],"wp:featuredmedia":[{"embeddable":true,"href":"https:\/\/fluidsiq.com\/fr\/wp-json\/wp\/v2\/media\/4784"}],"wp:attachment":[{"href":"https:\/\/fluidsiq.com\/fr\/wp-json\/wp\/v2\/media?parent=17043"}],"wp:term":[{"taxonomy":"product_brand","embeddable":true,"href":"https:\/\/fluidsiq.com\/fr\/wp-json\/wp\/v2\/product_brand?post=17043"},{"taxonomy":"product_cat","embeddable":true,"href":"https:\/\/fluidsiq.com\/fr\/wp-json\/wp\/v2\/product_cat?post=17043"},{"taxonomy":"product_tag","embeddable":true,"href":"https:\/\/fluidsiq.com\/fr\/wp-json\/wp\/v2\/product_tag?post=17043"}],"curies":[{"name":"wp","href":"https:\/\/api.w.org\/{rel}","templated":true}]}}