
{"id":12909,"date":"2023-04-11T14:20:53","date_gmt":"2023-04-11T18:20:53","guid":{"rendered":"https:\/\/fluidsiq.com\/?post_type=product&#038;p=12909"},"modified":"2024-11-01T12:16:41","modified_gmt":"2024-11-01T16:16:41","slug":"advanced-stress-and-hormone-profile","status":"publish","type":"product","link":"https:\/\/fluidsiq.com\/fr\/produit\/advanced-stress-and-hormone-profile\/","title":{"rendered":"Le profil de stress et d'hormones avanc\u00e9"},"content":{"rendered":"\t\t<div data-elementor-type=\"product-post\" data-elementor-id=\"12909\" class=\"elementor elementor-12909\" data-elementor-post-type=\"product\">\n\t\t\t\t\t\t<section class=\"elementor-section elementor-top-section elementor-element elementor-element-3112e52 elementor-section-boxed elementor-section-height-default elementor-section-height-default\" data-id=\"3112e52\" data-element_type=\"section\" data-e-type=\"section\" data-settings=\"{&quot;jet_parallax_layout_list&quot;:[{&quot;jet_parallax_layout_image&quot;:{&quot;url&quot;:&quot;&quot;,&quot;id&quot;:&quot;&quot;,&quot;size&quot;:&quot;&quot;},&quot;_id&quot;:&quot;7295ff0&quot;,&quot;jet_parallax_layout_image_tablet&quot;:{&quot;url&quot;:&quot;&quot;,&quot;id&quot;:&quot;&quot;,&quot;size&quot;:&quot;&quot;},&quot;jet_parallax_layout_image_mobile&quot;:{&quot;url&quot;:&quot;&quot;,&quot;id&quot;:&quot;&quot;,&quot;size&quot;:&quot;&quot;},&quot;jet_parallax_layout_speed&quot;:{&quot;unit&quot;:&quot;%&quot;,&quot;size&quot;:50,&quot;sizes&quot;:[]},&quot;jet_parallax_layout_type&quot;:&quot;scroll&quot;,&quot;jet_parallax_layout_direction&quot;:&quot;1&quot;,&quot;jet_parallax_layout_fx_direction&quot;:null,&quot;jet_parallax_layout_z_index&quot;:&quot;&quot;,&quot;jet_parallax_layout_bg_x&quot;:50,&quot;jet_parallax_layout_bg_x_tablet&quot;:&quot;&quot;,&quot;jet_parallax_layout_bg_x_mobile&quot;:&quot;&quot;,&quot;jet_parallax_layout_bg_y&quot;:50,&quot;jet_parallax_layout_bg_y_tablet&quot;:&quot;&quot;,&quot;jet_parallax_layout_bg_y_mobile&quot;:&quot;&quot;,&quot;jet_parallax_layout_bg_size&quot;:&quot;auto&quot;,&quot;jet_parallax_layout_bg_size_tablet&quot;:&quot;&quot;,&quot;jet_parallax_layout_bg_size_mobile&quot;:&quot;&quot;,&quot;jet_parallax_layout_animation_prop&quot;:&quot;transform&quot;,&quot;jet_parallax_layout_on&quot;:[&quot;desktop&quot;,&quot;tablet&quot;]}]}\">\n\t\t\t\t\t\t<div class=\"elementor-container elementor-column-gap-default\">\n\t\t\t\t\t<div class=\"elementor-column elementor-col-100 elementor-top-column elementor-element elementor-element-ea7ecba\" data-id=\"ea7ecba\" data-element_type=\"column\" data-e-type=\"column\">\n\t\t\t<div class=\"elementor-widget-wrap elementor-element-populated\">\n\t\t\t\t\t\t<section class=\"elementor-section elementor-inner-section elementor-element elementor-element-af20b4e elementor-section-boxed elementor-section-height-default elementor-section-height-default\" data-id=\"af20b4e\" data-element_type=\"section\" data-e-type=\"section\" data-settings=\"{&quot;jet_parallax_layout_list&quot;:[{&quot;jet_parallax_layout_image&quot;:{&quot;url&quot;:&quot;&quot;,&quot;id&quot;:&quot;&quot;,&quot;size&quot;:&quot;&quot;},&quot;_id&quot;:&quot;f1bafb8&quot;,&quot;jet_parallax_layout_image_tablet&quot;:{&quot;url&quot;:&quot;&quot;,&quot;id&quot;:&quot;&quot;,&quot;size&quot;:&quot;&quot;},&quot;jet_parallax_layout_image_mobile&quot;:{&quot;url&quot;:&quot;&quot;,&quot;id&quot;:&quot;&quot;,&quot;size&quot;:&quot;&quot;},&quot;jet_parallax_layout_speed&quot;:{&quot;unit&quot;:&quot;%&quot;,&quot;size&quot;:50,&quot;sizes&quot;:[]},&quot;jet_parallax_layout_type&quot;:&quot;scroll&quot;,&quot;jet_parallax_layout_direction&quot;:&quot;1&quot;,&quot;jet_parallax_layout_fx_direction&quot;:null,&quot;jet_parallax_layout_z_index&quot;:&quot;&quot;,&quot;jet_parallax_layout_bg_x&quot;:50,&quot;jet_parallax_layout_bg_x_tablet&quot;:&quot;&quot;,&quot;jet_parallax_layout_bg_x_mobile&quot;:&quot;&quot;,&quot;jet_parallax_layout_bg_y&quot;:50,&quot;jet_parallax_layout_bg_y_tablet&quot;:&quot;&quot;,&quot;jet_parallax_layout_bg_y_mobile&quot;:&quot;&quot;,&quot;jet_parallax_layout_bg_size&quot;:&quot;auto&quot;,&quot;jet_parallax_layout_bg_size_tablet&quot;:&quot;&quot;,&quot;jet_parallax_layout_bg_size_mobile&quot;:&quot;&quot;,&quot;jet_parallax_layout_animation_prop&quot;:&quot;transform&quot;,&quot;jet_parallax_layout_on&quot;:[&quot;desktop&quot;,&quot;tablet&quot;]}]}\">\n\t\t\t\t\t\t<div class=\"elementor-container elementor-column-gap-default\">\n\t\t\t\t\t<div class=\"elementor-column elementor-col-50 elementor-inner-column elementor-element elementor-element-cb12ab1\" data-id=\"cb12ab1\" data-element_type=\"column\" data-e-type=\"column\">\n\t\t\t<div class=\"elementor-widget-wrap elementor-element-populated\">\n\t\t\t\t\t\t<div class=\"elementor-element elementor-element-5cc00e7 elementor-widget elementor-widget-image\" data-id=\"5cc00e7\" data-element_type=\"widget\" data-e-type=\"widget\" data-widget_type=\"image.default\">\n\t\t\t\t<div class=\"elementor-widget-container\">\n\t\t\t\t\t\t\t\t\t\t\t\t\t\t\t<img fetchpriority=\"high\" decoding=\"async\" width=\"400\" height=\"225\" src=\"https:\/\/fluidsiq.com\/wp-content\/uploads\/2019\/10\/box.png\" class=\"attachment-full size-full wp-image-4613\" alt=\"\" srcset=\"https:\/\/fluidsiq.com\/wp-content\/uploads\/2019\/10\/box.png 400w, https:\/\/fluidsiq.com\/wp-content\/uploads\/2019\/10\/box-300x169.png 300w, https:\/\/fluidsiq.com\/wp-content\/uploads\/2019\/10\/box-150x85.png 150w\" sizes=\"(max-width: 400px) 100vw, 400px\" \/>\t\t\t\t\t\t\t\t\t\t\t\t\t\t\t<\/div>\n\t\t\t\t<\/div>\n\t\t\t\t<div class=\"elementor-element elementor-element-e2931ee elementor-widget__width-initial elementor-widget elementor-widget-text-editor\" data-id=\"e2931ee\" data-element_type=\"widget\" data-e-type=\"widget\" data-widget_type=\"text-editor.default\">\n\t\t\t\t<div class=\"elementor-widget-container\">\n\t\t\t\t\t\t\t\t\t<strong>Step 1)<\/strong>\t\t\t\t\t\t\t\t<\/div>\n\t\t\t\t<\/div>\n\t\t\t\t<div class=\"elementor-element elementor-element-329a1d1 elementor-widget__width-initial elementor-widget elementor-widget-text-editor\" data-id=\"329a1d1\" data-element_type=\"widget\" data-e-type=\"widget\" data-widget_type=\"text-editor.default\">\n\t\t\t\t<div class=\"elementor-widget-container\">\n\t\t\t\t\t\t\t\t\t<p>Once you complete your order we&#8217;ll ship you a testing kit<\/p>\t\t\t\t\t\t\t\t<\/div>\n\t\t\t\t<\/div>\n\t\t\t\t\t<\/div>\n\t\t<\/div>\n\t\t\t\t<div class=\"elementor-column elementor-col-50 elementor-inner-column elementor-element elementor-element-e971347\" data-id=\"e971347\" data-element_type=\"column\" data-e-type=\"column\">\n\t\t\t<div class=\"elementor-widget-wrap elementor-element-populated\">\n\t\t\t\t\t\t<div class=\"elementor-element elementor-element-d008861 elementor-widget elementor-widget-image\" data-id=\"d008861\" data-element_type=\"widget\" data-e-type=\"widget\" data-widget_type=\"image.default\">\n\t\t\t\t<div class=\"elementor-widget-container\">\n\t\t\t\t\t\t\t\t\t\t\t\t\t\t\t<img decoding=\"async\" width=\"400\" height=\"225\" src=\"https:\/\/fluidsiq.com\/wp-content\/uploads\/2020\/06\/tube-2-400.png\" class=\"attachment-full size-full wp-image-4772\" alt=\"\" srcset=\"https:\/\/fluidsiq.com\/wp-content\/uploads\/2020\/06\/tube-2-400.png 400w, https:\/\/fluidsiq.com\/wp-content\/uploads\/2020\/06\/tube-2-400-300x169.png 300w, https:\/\/fluidsiq.com\/wp-content\/uploads\/2020\/06\/tube-2-400-150x85.png 150w\" sizes=\"(max-width: 400px) 100vw, 400px\" \/>\t\t\t\t\t\t\t\t\t\t\t\t\t\t\t<\/div>\n\t\t\t\t<\/div>\n\t\t\t\t<div class=\"elementor-element elementor-element-0fedd86 elementor-widget__width-initial elementor-widget elementor-widget-text-editor\" data-id=\"0fedd86\" data-element_type=\"widget\" data-e-type=\"widget\" data-widget_type=\"text-editor.default\">\n\t\t\t\t<div class=\"elementor-widget-container\">\n\t\t\t\t\t\t\t\t\t<strong>Step 2)<\/strong>\t\t\t\t\t\t\t\t<\/div>\n\t\t\t\t<\/div>\n\t\t\t\t<div class=\"elementor-element elementor-element-f4a21c5 elementor-widget__width-initial elementor-widget elementor-widget-text-editor\" data-id=\"f4a21c5\" data-element_type=\"widget\" data-e-type=\"widget\" data-widget_type=\"text-editor.default\">\n\t\t\t\t<div class=\"elementor-widget-container\">\n\t\t\t\t\t\t\t\t\tCollect your sample using the materials included in the kit\t\t\t\t\t\t\t\t<\/div>\n\t\t\t\t<\/div>\n\t\t\t\t\t<\/div>\n\t\t<\/div>\n\t\t\t\t\t<\/div>\n\t\t<\/section>\n\t\t\t\t<section class=\"elementor-section elementor-inner-section elementor-element elementor-element-6a36092 elementor-section-boxed elementor-section-height-default elementor-section-height-default\" data-id=\"6a36092\" data-element_type=\"section\" data-e-type=\"section\" data-settings=\"{&quot;jet_parallax_layout_list&quot;:[{&quot;jet_parallax_layout_image&quot;:{&quot;url&quot;:&quot;&quot;,&quot;id&quot;:&quot;&quot;,&quot;size&quot;:&quot;&quot;},&quot;_id&quot;:&quot;f1bafb8&quot;,&quot;jet_parallax_layout_image_tablet&quot;:{&quot;url&quot;:&quot;&quot;,&quot;id&quot;:&quot;&quot;,&quot;size&quot;:&quot;&quot;},&quot;jet_parallax_layout_image_mobile&quot;:{&quot;url&quot;:&quot;&quot;,&quot;id&quot;:&quot;&quot;,&quot;size&quot;:&quot;&quot;},&quot;jet_parallax_layout_speed&quot;:{&quot;unit&quot;:&quot;%&quot;,&quot;size&quot;:50,&quot;sizes&quot;:[]},&quot;jet_parallax_layout_type&quot;:&quot;scroll&quot;,&quot;jet_parallax_layout_direction&quot;:&quot;1&quot;,&quot;jet_parallax_layout_fx_direction&quot;:null,&quot;jet_parallax_layout_z_index&quot;:&quot;&quot;,&quot;jet_parallax_layout_bg_x&quot;:50,&quot;jet_parallax_layout_bg_x_tablet&quot;:&quot;&quot;,&quot;jet_parallax_layout_bg_x_mobile&quot;:&quot;&quot;,&quot;jet_parallax_layout_bg_y&quot;:50,&quot;jet_parallax_layout_bg_y_tablet&quot;:&quot;&quot;,&quot;jet_parallax_layout_bg_y_mobile&quot;:&quot;&quot;,&quot;jet_parallax_layout_bg_size&quot;:&quot;auto&quot;,&quot;jet_parallax_layout_bg_size_tablet&quot;:&quot;&quot;,&quot;jet_parallax_layout_bg_size_mobile&quot;:&quot;&quot;,&quot;jet_parallax_layout_animation_prop&quot;:&quot;transform&quot;,&quot;jet_parallax_layout_on&quot;:[&quot;desktop&quot;,&quot;tablet&quot;]}]}\">\n\t\t\t\t\t\t<div class=\"elementor-container elementor-column-gap-default\">\n\t\t\t\t\t<div class=\"elementor-column elementor-col-50 elementor-inner-column elementor-element elementor-element-2a314f6\" data-id=\"2a314f6\" data-element_type=\"column\" data-e-type=\"column\">\n\t\t\t<div class=\"elementor-widget-wrap elementor-element-populated\">\n\t\t\t\t\t\t<div class=\"elementor-element elementor-element-200cfac elementor-widget elementor-widget-image\" data-id=\"200cfac\" data-element_type=\"widget\" data-e-type=\"widget\" data-widget_type=\"image.default\">\n\t\t\t\t<div class=\"elementor-widget-container\">\n\t\t\t\t\t\t\t\t\t\t\t\t\t\t\t<img decoding=\"async\" width=\"400\" height=\"225\" src=\"https:\/\/fluidsiq.com\/wp-content\/uploads\/2019\/10\/truck-2.png\" class=\"attachment-full size-full wp-image-4614\" alt=\"\" srcset=\"https:\/\/fluidsiq.com\/wp-content\/uploads\/2019\/10\/truck-2.png 400w, https:\/\/fluidsiq.com\/wp-content\/uploads\/2019\/10\/truck-2-300x169.png 300w, https:\/\/fluidsiq.com\/wp-content\/uploads\/2019\/10\/truck-2-150x85.png 150w\" sizes=\"(max-width: 400px) 100vw, 400px\" \/>\t\t\t\t\t\t\t\t\t\t\t\t\t\t\t<\/div>\n\t\t\t\t<\/div>\n\t\t\t\t<div class=\"elementor-element elementor-element-eeb2c9c elementor-widget__width-initial elementor-widget elementor-widget-text-editor\" data-id=\"eeb2c9c\" data-element_type=\"widget\" data-e-type=\"widget\" data-widget_type=\"text-editor.default\">\n\t\t\t\t<div class=\"elementor-widget-container\">\n\t\t\t\t\t\t\t\t\t<strong>Step 3)<\/strong>\t\t\t\t\t\t\t\t<\/div>\n\t\t\t\t<\/div>\n\t\t\t\t<div class=\"elementor-element elementor-element-2f0533c elementor-widget__width-initial elementor-widget elementor-widget-text-editor\" data-id=\"2f0533c\" data-element_type=\"widget\" data-e-type=\"widget\" data-widget_type=\"text-editor.default\">\n\t\t\t\t<div class=\"elementor-widget-container\">\n\t\t\t\t\t\t\t\t\tReturn the sample to us using the prepaid mailer provided\t\t\t\t\t\t\t\t<\/div>\n\t\t\t\t<\/div>\n\t\t\t\t\t<\/div>\n\t\t<\/div>\n\t\t\t\t<div class=\"elementor-column elementor-col-50 elementor-inner-column elementor-element elementor-element-b001d4e\" data-id=\"b001d4e\" data-element_type=\"column\" data-e-type=\"column\">\n\t\t\t<div class=\"elementor-widget-wrap elementor-element-populated\">\n\t\t\t\t\t\t<div class=\"elementor-element elementor-element-9421d81 elementor-widget elementor-widget-image\" data-id=\"9421d81\" data-element_type=\"widget\" data-e-type=\"widget\" data-widget_type=\"image.default\">\n\t\t\t\t<div class=\"elementor-widget-container\">\n\t\t\t\t\t\t\t\t\t\t\t\t\t\t\t<img loading=\"lazy\" decoding=\"async\" width=\"400\" height=\"225\" src=\"https:\/\/fluidsiq.com\/wp-content\/uploads\/2019\/10\/report-full-2.png\" class=\"attachment-full size-full wp-image-4620\" alt=\"\" srcset=\"https:\/\/fluidsiq.com\/wp-content\/uploads\/2019\/10\/report-full-2.png 400w, https:\/\/fluidsiq.com\/wp-content\/uploads\/2019\/10\/report-full-2-300x169.png 300w, https:\/\/fluidsiq.com\/wp-content\/uploads\/2019\/10\/report-full-2-150x85.png 150w\" sizes=\"(max-width: 400px) 100vw, 400px\" \/>\t\t\t\t\t\t\t\t\t\t\t\t\t\t\t<\/div>\n\t\t\t\t<\/div>\n\t\t\t\t<div class=\"elementor-element elementor-element-91ff6b6 elementor-widget__width-initial elementor-widget elementor-widget-text-editor\" data-id=\"91ff6b6\" data-element_type=\"widget\" data-e-type=\"widget\" data-widget_type=\"text-editor.default\">\n\t\t\t\t<div class=\"elementor-widget-container\">\n\t\t\t\t\t\t\t\t\t<strong>Step 4)<\/strong>\t\t\t\t\t\t\t\t<\/div>\n\t\t\t\t<\/div>\n\t\t\t\t<div class=\"elementor-element elementor-element-2ba0345 elementor-widget__width-initial elementor-widget elementor-widget-text-editor\" data-id=\"2ba0345\" data-element_type=\"widget\" data-e-type=\"widget\" data-widget_type=\"text-editor.default\">\n\t\t\t\t<div class=\"elementor-widget-container\">\n\t\t\t\t\t\t\t\t\t<p>Results are sent to your health care professional.<\/p>\t\t\t\t\t\t\t\t<\/div>\n\t\t\t\t<\/div>\n\t\t\t\t\t<\/div>\n\t\t<\/div>\n\t\t\t\t\t<\/div>\n\t\t<\/section>\n\t\t\t\t\t<\/div>\n\t\t<\/div>\n\t\t\t\t\t<\/div>\n\t\t<\/section>\n\t\t\t\t<\/div>\n\t\t","protected":false},"excerpt":{"rendered":"<p style=\"font-size: 16px; font-weight: 400;\">Le Profil de stress et d'hormones avanc\u00e9 test salivaire, combinant deux des tests hormonaux et m\u00e9taboliques phares de FLUIDS iQ, peut \u00eatre utilis\u00e9 pour \u00e9valuer l'\u00e9quilibre hormonal et immunitaire, ainsi que le stress chronique, les troubles li\u00e9s au stress et ceux pr\u00e9sentant des signes d\u00e9veloppementaux de \u00ab syndrome m\u00e9tabolique \u00bb - un d\u00e9s\u00e9quilibre qui comprend des augmentations de la pression art\u00e9rielle, de la glyc\u00e9mie, un exc\u00e8s de graisse corporelle autour de la taille et des taux anormaux de cholest\u00e9rol ou de triglyc\u00e9rides.<\/p>\n<p style=\"font-size: 16px; font-weight: 400;\">Ce test analyse les niveaux de : cortisol diurne (matin, midi, apr\u00e8s-midi, heure du coucher), DHEA-S, le rapport cortisol total : DHEA-S, estradiol, progest\u00e9rone, le rapport estradiol : progest\u00e9rone, testost\u00e9rone, IgA s\u00e9cr\u00e9toire (SIgA), m\u00e9latonine. (Jour), ainsi que l'insuline \u00e0 jeun et non \u00e0 jeun.<br \/>\nM\u00e9thode de pr\u00e9l\u00e8vement de l'\u00e9chantillon <strong>salive<\/strong><\/p>\n<p style=\"font-size: 14px; font-weight: 400;\">Si vous \u00eates un professionnel veuillez vous <a href=\"https:\/\/www.fluidsiq.com\/fluids_portal\/registration_pag.php?lang=fr#!\"><strong style=\"color: red;\">enregistrer<\/strong><\/a> ou <a href=\"https:\/\/fluidsiq.com\/my-account\/\"><strong style=\"color: red;\">ouvrir une session<\/strong><\/a> si vous avez d\u00e9j\u00e0 un compte<\/p>","protected":false},"featured_media":4784,"template":"","meta":[],"product_brand":[],"product_cat":[104,249],"product_tag":[290],"class_list":{"0":"post-12909","1":"product","2":"type-product","3":"status-publish","4":"has-post-thumbnail","6":"product_cat-patient-hormones","7":"product_cat-metabolic-patients","8":"product_tag-ashp-patient","10":"first","11":"instock","12":"taxable","13":"shipping-taxable","14":"product-type-simple"},"yoast_head":"<!-- This site is optimized with the Yoast SEO plugin v27.2 - https:\/\/yoast.com\/product\/yoast-seo-wordpress\/ -->\n<title>Advanced Stress and Hormone Profile - FLUIDS iQ<\/title>\n<meta name=\"robots\" content=\"index, follow, max-snippet:-1, max-image-preview:large, max-video-preview:-1\" \/>\n<link rel=\"canonical\" href=\"https:\/\/fluidsiq.com\/fr\/produit\/advanced-stress-and-hormone-profile\/\" \/>\n<meta property=\"og:locale\" content=\"fr_FR\" \/>\n<meta property=\"og:type\" content=\"article\" \/>\n<meta property=\"og:title\" content=\"Advanced Stress and Hormone Profile - FLUIDS iQ\" \/>\n<meta property=\"og:description\" content=\"The salivary Advanced Stress and Hormone Profile, combining two of FLUIDS iQ\u2019s flagship hormone and metabolic tests, can be used in assessing hormonal and immune balance, as well as chronic stress, stress-related disorders and those with developmental signs of \u2018metabolic syndrome \u2018 \u2013 an imbalance that includes increases in blood pressure, blood sugar, excess body fat around the waist, and abnormal cholesterol or triglyceride levels. This test analyzes levels of: Diurnal Cortisol (AM, noon, afternoon, bedtime), DHEA-S, The Total Cortisol: DHEA-S ratio, Estradiol, Progesterone, The Estradiol:Progesterone ratio, Testosterone, Secretory IgA (SIgA), Melatonin (Daytime), as well as Fasting and Non-Fasting Insulin. Sample collection method: Saliva If you are a Health Care Professional please REGISTER or LOGIN if you already have an account.\" \/>\n<meta property=\"og:url\" content=\"https:\/\/fluidsiq.com\/fr\/produit\/advanced-stress-and-hormone-profile\/\" \/>\n<meta property=\"og:site_name\" content=\"FLUIDS iQ\" \/>\n<meta property=\"article:modified_time\" content=\"2024-11-01T16:16:41+00:00\" \/>\n<meta property=\"og:image\" content=\"https:\/\/fluidsiq.com\/wp-content\/uploads\/2020\/06\/letter-h-blue_smaller.png\" \/>\n\t<meta property=\"og:image:width\" content=\"512\" \/>\n\t<meta property=\"og:image:height\" content=\"512\" \/>\n\t<meta property=\"og:image:type\" content=\"image\/png\" \/>\n<meta name=\"twitter:card\" content=\"summary_large_image\" \/>\n<meta name=\"twitter:label1\" content=\"Dur\u00e9e de lecture estim\u00e9e\" \/>\n\t<meta name=\"twitter:data1\" content=\"2 minutes\" \/>\n<script type=\"application\/ld+json\" class=\"yoast-schema-graph\">{\"@context\":\"https:\/\/schema.org\",\"@graph\":[{\"@type\":\"WebPage\",\"@id\":\"https:\/\/fluidsiq.com\/product\/advanced-stress-and-hormone-profile\/\",\"url\":\"https:\/\/fluidsiq.com\/product\/advanced-stress-and-hormone-profile\/\",\"name\":\"Advanced Stress and Hormone Profile - FLUIDS iQ\",\"isPartOf\":{\"@id\":\"https:\/\/fluidsiq.com\/#website\"},\"primaryImageOfPage\":{\"@id\":\"https:\/\/fluidsiq.com\/product\/advanced-stress-and-hormone-profile\/#primaryimage\"},\"image\":{\"@id\":\"https:\/\/fluidsiq.com\/product\/advanced-stress-and-hormone-profile\/#primaryimage\"},\"thumbnailUrl\":\"https:\/\/fluidsiq.com\/wp-content\/uploads\/2020\/06\/letter-h-blue_smaller.png\",\"datePublished\":\"2023-04-11T18:20:53+00:00\",\"dateModified\":\"2024-11-01T16:16:41+00:00\",\"breadcrumb\":{\"@id\":\"https:\/\/fluidsiq.com\/product\/advanced-stress-and-hormone-profile\/#breadcrumb\"},\"inLanguage\":\"fr-FR\",\"potentialAction\":[{\"@type\":\"ReadAction\",\"target\":[\"https:\/\/fluidsiq.com\/product\/advanced-stress-and-hormone-profile\/\"]}]},{\"@type\":\"ImageObject\",\"inLanguage\":\"fr-FR\",\"@id\":\"https:\/\/fluidsiq.com\/product\/advanced-stress-and-hormone-profile\/#primaryimage\",\"url\":\"https:\/\/fluidsiq.com\/wp-content\/uploads\/2020\/06\/letter-h-blue_smaller.png\",\"contentUrl\":\"https:\/\/fluidsiq.com\/wp-content\/uploads\/2020\/06\/letter-h-blue_smaller.png\",\"width\":512,\"height\":512},{\"@type\":\"BreadcrumbList\",\"@id\":\"https:\/\/fluidsiq.com\/product\/advanced-stress-and-hormone-profile\/#breadcrumb\",\"itemListElement\":[{\"@type\":\"ListItem\",\"position\":1,\"name\":\"Home\",\"item\":\"https:\/\/fluidsiq.com\/\"},{\"@type\":\"ListItem\",\"position\":2,\"name\":\"Buy Now\",\"item\":\"https:\/\/fluidsiq.com\/buy-now\/\"},{\"@type\":\"ListItem\",\"position\":3,\"name\":\"Advanced Stress and Hormone Profile\"}]},{\"@type\":\"WebSite\",\"@id\":\"https:\/\/fluidsiq.com\/#website\",\"url\":\"https:\/\/fluidsiq.com\/\",\"name\":\"FLUIDS iQ\",\"description\":\"WELCOME TO FLUIDS iQ... Canada&#039;s Wellness Laboratory\u2122\",\"publisher\":{\"@id\":\"https:\/\/fluidsiq.com\/#organization\"},\"potentialAction\":[{\"@type\":\"SearchAction\",\"target\":{\"@type\":\"EntryPoint\",\"urlTemplate\":\"https:\/\/fluidsiq.com\/?s={search_term_string}\"},\"query-input\":{\"@type\":\"PropertyValueSpecification\",\"valueRequired\":true,\"valueName\":\"search_term_string\"}}],\"inLanguage\":\"fr-FR\"},{\"@type\":\"Organization\",\"@id\":\"https:\/\/fluidsiq.com\/#organization\",\"name\":\"FLUIDS iQ Inc.\",\"url\":\"https:\/\/fluidsiq.com\/\",\"logo\":{\"@type\":\"ImageObject\",\"inLanguage\":\"fr-FR\",\"@id\":\"https:\/\/fluidsiq.com\/#\/schema\/logo\/image\/\",\"url\":\"https:\/\/fluidsiq.com\/wp-content\/uploads\/2019\/09\/Logo_Woocom_new.jpg\",\"contentUrl\":\"https:\/\/fluidsiq.com\/wp-content\/uploads\/2019\/09\/Logo_Woocom_new.jpg\",\"width\":400,\"height\":400,\"caption\":\"FLUIDS iQ Inc.\"},\"image\":{\"@id\":\"https:\/\/fluidsiq.com\/#\/schema\/logo\/image\/\"},\"sameAs\":[\"https:\/\/www.youtube.com\/channel\/UCrURYdZtQTajmjHhJFP6sLg\"]}]}<\/script>\n<!-- \/ Yoast SEO plugin. -->","yoast_head_json":{"title":"Advanced Stress and Hormone Profile - FLUIDS iQ","robots":{"index":"index","follow":"follow","max-snippet":"max-snippet:-1","max-image-preview":"max-image-preview:large","max-video-preview":"max-video-preview:-1"},"canonical":"https:\/\/fluidsiq.com\/fr\/produit\/advanced-stress-and-hormone-profile\/","og_locale":"fr_FR","og_type":"article","og_title":"Advanced Stress and Hormone Profile - FLUIDS iQ","og_description":"The salivary Advanced Stress and Hormone Profile, combining two of FLUIDS iQ\u2019s flagship hormone and metabolic tests, can be used in assessing hormonal and immune balance, as well as chronic stress, stress-related disorders and those with developmental signs of \u2018metabolic syndrome \u2018 \u2013 an imbalance that includes increases in blood pressure, blood sugar, excess body fat around the waist, and abnormal cholesterol or triglyceride levels. This test analyzes levels of: Diurnal Cortisol (AM, noon, afternoon, bedtime), DHEA-S, The Total Cortisol: DHEA-S ratio, Estradiol, Progesterone, The Estradiol:Progesterone ratio, Testosterone, Secretory IgA (SIgA), Melatonin (Daytime), as well as Fasting and Non-Fasting Insulin. Sample collection method: Saliva If you are a Health Care Professional please REGISTER or LOGIN if you already have an account.","og_url":"https:\/\/fluidsiq.com\/fr\/produit\/advanced-stress-and-hormone-profile\/","og_site_name":"FLUIDS iQ","article_modified_time":"2024-11-01T16:16:41+00:00","og_image":[{"width":512,"height":512,"url":"https:\/\/fluidsiq.com\/wp-content\/uploads\/2020\/06\/letter-h-blue_smaller.png","type":"image\/png"}],"twitter_card":"summary_large_image","twitter_misc":{"Dur\u00e9e de lecture estim\u00e9e":"2 minutes"},"schema":{"@context":"https:\/\/schema.org","@graph":[{"@type":"WebPage","@id":"https:\/\/fluidsiq.com\/product\/advanced-stress-and-hormone-profile\/","url":"https:\/\/fluidsiq.com\/product\/advanced-stress-and-hormone-profile\/","name":"Advanced Stress and Hormone Profile - FLUIDS iQ","isPartOf":{"@id":"https:\/\/fluidsiq.com\/#website"},"primaryImageOfPage":{"@id":"https:\/\/fluidsiq.com\/product\/advanced-stress-and-hormone-profile\/#primaryimage"},"image":{"@id":"https:\/\/fluidsiq.com\/product\/advanced-stress-and-hormone-profile\/#primaryimage"},"thumbnailUrl":"https:\/\/fluidsiq.com\/wp-content\/uploads\/2020\/06\/letter-h-blue_smaller.png","datePublished":"2023-04-11T18:20:53+00:00","dateModified":"2024-11-01T16:16:41+00:00","breadcrumb":{"@id":"https:\/\/fluidsiq.com\/product\/advanced-stress-and-hormone-profile\/#breadcrumb"},"inLanguage":"fr-FR","potentialAction":[{"@type":"ReadAction","target":["https:\/\/fluidsiq.com\/product\/advanced-stress-and-hormone-profile\/"]}]},{"@type":"ImageObject","inLanguage":"fr-FR","@id":"https:\/\/fluidsiq.com\/product\/advanced-stress-and-hormone-profile\/#primaryimage","url":"https:\/\/fluidsiq.com\/wp-content\/uploads\/2020\/06\/letter-h-blue_smaller.png","contentUrl":"https:\/\/fluidsiq.com\/wp-content\/uploads\/2020\/06\/letter-h-blue_smaller.png","width":512,"height":512},{"@type":"BreadcrumbList","@id":"https:\/\/fluidsiq.com\/product\/advanced-stress-and-hormone-profile\/#breadcrumb","itemListElement":[{"@type":"ListItem","position":1,"name":"Home","item":"https:\/\/fluidsiq.com\/"},{"@type":"ListItem","position":2,"name":"Buy Now","item":"https:\/\/fluidsiq.com\/buy-now\/"},{"@type":"ListItem","position":3,"name":"Advanced Stress and Hormone Profile"}]},{"@type":"WebSite","@id":"https:\/\/fluidsiq.com\/#website","url":"https:\/\/fluidsiq.com\/","name":"FLUIDS iQ","description":"WELCOME TO FLUIDS iQ... Canada&#039;s Wellness Laboratory\u2122","publisher":{"@id":"https:\/\/fluidsiq.com\/#organization"},"potentialAction":[{"@type":"SearchAction","target":{"@type":"EntryPoint","urlTemplate":"https:\/\/fluidsiq.com\/?s={search_term_string}"},"query-input":{"@type":"PropertyValueSpecification","valueRequired":true,"valueName":"search_term_string"}}],"inLanguage":"fr-FR"},{"@type":"Organization","@id":"https:\/\/fluidsiq.com\/#organization","name":"FLUIDS iQ Inc.","url":"https:\/\/fluidsiq.com\/","logo":{"@type":"ImageObject","inLanguage":"fr-FR","@id":"https:\/\/fluidsiq.com\/#\/schema\/logo\/image\/","url":"https:\/\/fluidsiq.com\/wp-content\/uploads\/2019\/09\/Logo_Woocom_new.jpg","contentUrl":"https:\/\/fluidsiq.com\/wp-content\/uploads\/2019\/09\/Logo_Woocom_new.jpg","width":400,"height":400,"caption":"FLUIDS iQ Inc."},"image":{"@id":"https:\/\/fluidsiq.com\/#\/schema\/logo\/image\/"},"sameAs":["https:\/\/www.youtube.com\/channel\/UCrURYdZtQTajmjHhJFP6sLg"]}]}},"_links":{"self":[{"href":"https:\/\/fluidsiq.com\/fr\/wp-json\/wp\/v2\/product\/12909","targetHints":{"allow":["GET"]}}],"collection":[{"href":"https:\/\/fluidsiq.com\/fr\/wp-json\/wp\/v2\/product"}],"about":[{"href":"https:\/\/fluidsiq.com\/fr\/wp-json\/wp\/v2\/types\/product"}],"version-history":[{"count":0,"href":"https:\/\/fluidsiq.com\/fr\/wp-json\/wp\/v2\/product\/12909\/revisions"}],"wp:featuredmedia":[{"embeddable":true,"href":"https:\/\/fluidsiq.com\/fr\/wp-json\/wp\/v2\/media\/4784"}],"wp:attachment":[{"href":"https:\/\/fluidsiq.com\/fr\/wp-json\/wp\/v2\/media?parent=12909"}],"wp:term":[{"taxonomy":"product_brand","embeddable":true,"href":"https:\/\/fluidsiq.com\/fr\/wp-json\/wp\/v2\/product_brand?post=12909"},{"taxonomy":"product_cat","embeddable":true,"href":"https:\/\/fluidsiq.com\/fr\/wp-json\/wp\/v2\/product_cat?post=12909"},{"taxonomy":"product_tag","embeddable":true,"href":"https:\/\/fluidsiq.com\/fr\/wp-json\/wp\/v2\/product_tag?post=12909"}],"curies":[{"name":"wp","href":"https:\/\/api.w.org\/{rel}","templated":true}]}}