
{"id":12906,"date":"2023-04-11T14:22:55","date_gmt":"2023-04-11T18:22:55","guid":{"rendered":"https:\/\/fluidsiq.com\/?post_type=product&#038;p=12906"},"modified":"2024-12-06T13:29:13","modified_gmt":"2024-12-06T18:29:13","slug":"advanced-stress-and-hormone-profile-2","status":"publish","type":"product","link":"https:\/\/fluidsiq.com\/fr\/produit\/advanced-stress-and-hormone-profile-2\/","title":{"rendered":"Le profil de stress et d'hormones avanc\u00e9"},"content":{"rendered":"","protected":false},"excerpt":{"rendered":"<p>&nbsp;<\/p>\n<p style=\"font-size: 16px; font-weight: 400;\">Le Profil de stress et d'hormones avanc\u00e9 test salivaire, combinant deux des tests hormonaux et m\u00e9taboliques phares de FLUIDS iQ, peut \u00eatre utilis\u00e9 pour \u00e9valuer l'\u00e9quilibre hormonal et immunitaire, ainsi que le stress chronique, les troubles li\u00e9s au stress et ceux pr\u00e9sentant des signes d\u00e9veloppementaux de \u00ab syndrome m\u00e9tabolique \u00bb - un d\u00e9s\u00e9quilibre qui comprend des augmentations de la pression art\u00e9rielle, de la glyc\u00e9mie, un exc\u00e8s de graisse corporelle autour de la taille et des taux anormaux de cholest\u00e9rol ou de triglyc\u00e9rides.<\/p>\n<p style=\"font-size: 16px; font-weight: 400;\">Ce test analyse les niveaux de : cortisol diurne (matin, midi, apr\u00e8s-midi, heure du coucher), DHEA-S, le rapport cortisol total : DHEA-S, estradiol, progest\u00e9rone, le rapport estradiol : progest\u00e9rone, testost\u00e9rone, IgA s\u00e9cr\u00e9toire (SIgA), m\u00e9latonine. (Jour), ainsi que l'insuline \u00e0 jeun et non \u00e0 jeun.<br \/>\nM\u00e9thode de pr\u00e9l\u00e8vement de l'\u00e9chantillon <strong>salive<\/strong><\/p>","protected":false},"featured_media":4784,"template":"","meta":[],"product_brand":[],"product_cat":[102,248],"product_tag":[289,312],"class_list":{"0":"post-12906","1":"product","2":"type-product","3":"status-publish","4":"has-post-thumbnail","6":"product_cat-hormones","7":"product_cat-metabolic","8":"product_tag-ashp-hcp","9":"product_tag-fluids_products_hcp","11":"first","12":"instock","13":"taxable","14":"shipping-taxable","15":"product-type-simple"},"yoast_head":"<!-- This site is optimized with the Yoast SEO plugin v27.2 - https:\/\/yoast.com\/product\/yoast-seo-wordpress\/ -->\n<title>Advanced Stress and Hormone Profile - FLUIDS iQ<\/title>\n<meta name=\"robots\" content=\"index, follow, max-snippet:-1, max-image-preview:large, max-video-preview:-1\" \/>\n<link rel=\"canonical\" href=\"https:\/\/fluidsiq.com\/fr\/produit\/advanced-stress-and-hormone-profile-2\/\" \/>\n<meta property=\"og:locale\" content=\"fr_FR\" \/>\n<meta property=\"og:type\" content=\"article\" \/>\n<meta property=\"og:title\" content=\"Advanced Stress and Hormone Profile - FLUIDS iQ\" \/>\n<meta property=\"og:description\" content=\"&nbsp; The salivary Advanced Stress and Hormone Profile, combining two of FLUIDS iQ\u2019s flagship hormone and metabolic tests, can be used in assessing hormonal and immune balance, as well as chronic stress, stress-related disorders and those with developmental signs of \u2018metabolic syndrome \u2018 \u2013 an imbalance that includes increases in blood pressure, blood sugar, excess body fat around the waist, and abnormal cholesterol or triglyceride levels. This test analyzes levels of: Diurnal Cortisol (AM, noon, afternoon, bedtime), DHEA-S, The Total Cortisol: DHEA-S ratio, Estradiol, Progesterone, The Estradiol:Progesterone ratio, Testosterone, Secretory IgA (SIgA), Melatonin (Daytime), as well as Fasting and Non-Fasting Insulin. Sample collection method: Saliva\" \/>\n<meta property=\"og:url\" content=\"https:\/\/fluidsiq.com\/fr\/produit\/advanced-stress-and-hormone-profile-2\/\" \/>\n<meta property=\"og:site_name\" content=\"FLUIDS iQ\" \/>\n<meta property=\"article:modified_time\" content=\"2024-12-06T18:29:13+00:00\" \/>\n<meta property=\"og:image\" content=\"https:\/\/fluidsiq.com\/wp-content\/uploads\/2020\/06\/letter-h-blue_smaller.png\" \/>\n\t<meta property=\"og:image:width\" content=\"512\" \/>\n\t<meta property=\"og:image:height\" content=\"512\" \/>\n\t<meta property=\"og:image:type\" content=\"image\/png\" \/>\n<meta name=\"twitter:card\" content=\"summary_large_image\" \/>\n<meta name=\"twitter:label1\" content=\"Dur\u00e9e de lecture estim\u00e9e\" \/>\n\t<meta name=\"twitter:data1\" content=\"1 minute\" \/>\n<script type=\"application\/ld+json\" class=\"yoast-schema-graph\">{\"@context\":\"https:\/\/schema.org\",\"@graph\":[{\"@type\":\"WebPage\",\"@id\":\"https:\/\/fluidsiq.com\/product\/advanced-stress-and-hormone-profile-2\/\",\"url\":\"https:\/\/fluidsiq.com\/product\/advanced-stress-and-hormone-profile-2\/\",\"name\":\"Advanced Stress and Hormone Profile - FLUIDS iQ\",\"isPartOf\":{\"@id\":\"https:\/\/fluidsiq.com\/#website\"},\"primaryImageOfPage\":{\"@id\":\"https:\/\/fluidsiq.com\/product\/advanced-stress-and-hormone-profile-2\/#primaryimage\"},\"image\":{\"@id\":\"https:\/\/fluidsiq.com\/product\/advanced-stress-and-hormone-profile-2\/#primaryimage\"},\"thumbnailUrl\":\"https:\/\/fluidsiq.com\/wp-content\/uploads\/2020\/06\/letter-h-blue_smaller.png\",\"datePublished\":\"2023-04-11T18:22:55+00:00\",\"dateModified\":\"2024-12-06T18:29:13+00:00\",\"breadcrumb\":{\"@id\":\"https:\/\/fluidsiq.com\/product\/advanced-stress-and-hormone-profile-2\/#breadcrumb\"},\"inLanguage\":\"fr-FR\",\"potentialAction\":[{\"@type\":\"ReadAction\",\"target\":[\"https:\/\/fluidsiq.com\/product\/advanced-stress-and-hormone-profile-2\/\"]}]},{\"@type\":\"ImageObject\",\"inLanguage\":\"fr-FR\",\"@id\":\"https:\/\/fluidsiq.com\/product\/advanced-stress-and-hormone-profile-2\/#primaryimage\",\"url\":\"https:\/\/fluidsiq.com\/wp-content\/uploads\/2020\/06\/letter-h-blue_smaller.png\",\"contentUrl\":\"https:\/\/fluidsiq.com\/wp-content\/uploads\/2020\/06\/letter-h-blue_smaller.png\",\"width\":512,\"height\":512},{\"@type\":\"BreadcrumbList\",\"@id\":\"https:\/\/fluidsiq.com\/product\/advanced-stress-and-hormone-profile-2\/#breadcrumb\",\"itemListElement\":[{\"@type\":\"ListItem\",\"position\":1,\"name\":\"Home\",\"item\":\"https:\/\/fluidsiq.com\/\"},{\"@type\":\"ListItem\",\"position\":2,\"name\":\"Buy Now\",\"item\":\"https:\/\/fluidsiq.com\/buy-now\/\"},{\"@type\":\"ListItem\",\"position\":3,\"name\":\"Advanced Stress and Hormone Profile\"}]},{\"@type\":\"WebSite\",\"@id\":\"https:\/\/fluidsiq.com\/#website\",\"url\":\"https:\/\/fluidsiq.com\/\",\"name\":\"FLUIDS iQ\",\"description\":\"WELCOME TO FLUIDS iQ... Canada&#039;s Wellness Laboratory\u2122\",\"publisher\":{\"@id\":\"https:\/\/fluidsiq.com\/#organization\"},\"potentialAction\":[{\"@type\":\"SearchAction\",\"target\":{\"@type\":\"EntryPoint\",\"urlTemplate\":\"https:\/\/fluidsiq.com\/?s={search_term_string}\"},\"query-input\":{\"@type\":\"PropertyValueSpecification\",\"valueRequired\":true,\"valueName\":\"search_term_string\"}}],\"inLanguage\":\"fr-FR\"},{\"@type\":\"Organization\",\"@id\":\"https:\/\/fluidsiq.com\/#organization\",\"name\":\"FLUIDS iQ Inc.\",\"url\":\"https:\/\/fluidsiq.com\/\",\"logo\":{\"@type\":\"ImageObject\",\"inLanguage\":\"fr-FR\",\"@id\":\"https:\/\/fluidsiq.com\/#\/schema\/logo\/image\/\",\"url\":\"https:\/\/fluidsiq.com\/wp-content\/uploads\/2019\/09\/Logo_Woocom_new.jpg\",\"contentUrl\":\"https:\/\/fluidsiq.com\/wp-content\/uploads\/2019\/09\/Logo_Woocom_new.jpg\",\"width\":400,\"height\":400,\"caption\":\"FLUIDS iQ Inc.\"},\"image\":{\"@id\":\"https:\/\/fluidsiq.com\/#\/schema\/logo\/image\/\"},\"sameAs\":[\"https:\/\/www.youtube.com\/channel\/UCrURYdZtQTajmjHhJFP6sLg\"]}]}<\/script>\n<!-- \/ Yoast SEO plugin. -->","yoast_head_json":{"title":"Advanced Stress and Hormone Profile - FLUIDS iQ","robots":{"index":"index","follow":"follow","max-snippet":"max-snippet:-1","max-image-preview":"max-image-preview:large","max-video-preview":"max-video-preview:-1"},"canonical":"https:\/\/fluidsiq.com\/fr\/produit\/advanced-stress-and-hormone-profile-2\/","og_locale":"fr_FR","og_type":"article","og_title":"Advanced Stress and Hormone Profile - FLUIDS iQ","og_description":"&nbsp; The salivary Advanced Stress and Hormone Profile, combining two of FLUIDS iQ\u2019s flagship hormone and metabolic tests, can be used in assessing hormonal and immune balance, as well as chronic stress, stress-related disorders and those with developmental signs of \u2018metabolic syndrome \u2018 \u2013 an imbalance that includes increases in blood pressure, blood sugar, excess body fat around the waist, and abnormal cholesterol or triglyceride levels. This test analyzes levels of: Diurnal Cortisol (AM, noon, afternoon, bedtime), DHEA-S, The Total Cortisol: DHEA-S ratio, Estradiol, Progesterone, The Estradiol:Progesterone ratio, Testosterone, Secretory IgA (SIgA), Melatonin (Daytime), as well as Fasting and Non-Fasting Insulin. Sample collection method: Saliva","og_url":"https:\/\/fluidsiq.com\/fr\/produit\/advanced-stress-and-hormone-profile-2\/","og_site_name":"FLUIDS iQ","article_modified_time":"2024-12-06T18:29:13+00:00","og_image":[{"width":512,"height":512,"url":"https:\/\/fluidsiq.com\/wp-content\/uploads\/2020\/06\/letter-h-blue_smaller.png","type":"image\/png"}],"twitter_card":"summary_large_image","twitter_misc":{"Dur\u00e9e de lecture estim\u00e9e":"1 minute"},"schema":{"@context":"https:\/\/schema.org","@graph":[{"@type":"WebPage","@id":"https:\/\/fluidsiq.com\/product\/advanced-stress-and-hormone-profile-2\/","url":"https:\/\/fluidsiq.com\/product\/advanced-stress-and-hormone-profile-2\/","name":"Advanced Stress and Hormone Profile - FLUIDS iQ","isPartOf":{"@id":"https:\/\/fluidsiq.com\/#website"},"primaryImageOfPage":{"@id":"https:\/\/fluidsiq.com\/product\/advanced-stress-and-hormone-profile-2\/#primaryimage"},"image":{"@id":"https:\/\/fluidsiq.com\/product\/advanced-stress-and-hormone-profile-2\/#primaryimage"},"thumbnailUrl":"https:\/\/fluidsiq.com\/wp-content\/uploads\/2020\/06\/letter-h-blue_smaller.png","datePublished":"2023-04-11T18:22:55+00:00","dateModified":"2024-12-06T18:29:13+00:00","breadcrumb":{"@id":"https:\/\/fluidsiq.com\/product\/advanced-stress-and-hormone-profile-2\/#breadcrumb"},"inLanguage":"fr-FR","potentialAction":[{"@type":"ReadAction","target":["https:\/\/fluidsiq.com\/product\/advanced-stress-and-hormone-profile-2\/"]}]},{"@type":"ImageObject","inLanguage":"fr-FR","@id":"https:\/\/fluidsiq.com\/product\/advanced-stress-and-hormone-profile-2\/#primaryimage","url":"https:\/\/fluidsiq.com\/wp-content\/uploads\/2020\/06\/letter-h-blue_smaller.png","contentUrl":"https:\/\/fluidsiq.com\/wp-content\/uploads\/2020\/06\/letter-h-blue_smaller.png","width":512,"height":512},{"@type":"BreadcrumbList","@id":"https:\/\/fluidsiq.com\/product\/advanced-stress-and-hormone-profile-2\/#breadcrumb","itemListElement":[{"@type":"ListItem","position":1,"name":"Home","item":"https:\/\/fluidsiq.com\/"},{"@type":"ListItem","position":2,"name":"Buy Now","item":"https:\/\/fluidsiq.com\/buy-now\/"},{"@type":"ListItem","position":3,"name":"Advanced Stress and Hormone Profile"}]},{"@type":"WebSite","@id":"https:\/\/fluidsiq.com\/#website","url":"https:\/\/fluidsiq.com\/","name":"FLUIDS iQ","description":"WELCOME TO FLUIDS iQ... Canada&#039;s Wellness Laboratory\u2122","publisher":{"@id":"https:\/\/fluidsiq.com\/#organization"},"potentialAction":[{"@type":"SearchAction","target":{"@type":"EntryPoint","urlTemplate":"https:\/\/fluidsiq.com\/?s={search_term_string}"},"query-input":{"@type":"PropertyValueSpecification","valueRequired":true,"valueName":"search_term_string"}}],"inLanguage":"fr-FR"},{"@type":"Organization","@id":"https:\/\/fluidsiq.com\/#organization","name":"FLUIDS iQ Inc.","url":"https:\/\/fluidsiq.com\/","logo":{"@type":"ImageObject","inLanguage":"fr-FR","@id":"https:\/\/fluidsiq.com\/#\/schema\/logo\/image\/","url":"https:\/\/fluidsiq.com\/wp-content\/uploads\/2019\/09\/Logo_Woocom_new.jpg","contentUrl":"https:\/\/fluidsiq.com\/wp-content\/uploads\/2019\/09\/Logo_Woocom_new.jpg","width":400,"height":400,"caption":"FLUIDS iQ Inc."},"image":{"@id":"https:\/\/fluidsiq.com\/#\/schema\/logo\/image\/"},"sameAs":["https:\/\/www.youtube.com\/channel\/UCrURYdZtQTajmjHhJFP6sLg"]}]}},"_links":{"self":[{"href":"https:\/\/fluidsiq.com\/fr\/wp-json\/wp\/v2\/product\/12906","targetHints":{"allow":["GET"]}}],"collection":[{"href":"https:\/\/fluidsiq.com\/fr\/wp-json\/wp\/v2\/product"}],"about":[{"href":"https:\/\/fluidsiq.com\/fr\/wp-json\/wp\/v2\/types\/product"}],"version-history":[{"count":0,"href":"https:\/\/fluidsiq.com\/fr\/wp-json\/wp\/v2\/product\/12906\/revisions"}],"wp:featuredmedia":[{"embeddable":true,"href":"https:\/\/fluidsiq.com\/fr\/wp-json\/wp\/v2\/media\/4784"}],"wp:attachment":[{"href":"https:\/\/fluidsiq.com\/fr\/wp-json\/wp\/v2\/media?parent=12906"}],"wp:term":[{"taxonomy":"product_brand","embeddable":true,"href":"https:\/\/fluidsiq.com\/fr\/wp-json\/wp\/v2\/product_brand?post=12906"},{"taxonomy":"product_cat","embeddable":true,"href":"https:\/\/fluidsiq.com\/fr\/wp-json\/wp\/v2\/product_cat?post=12906"},{"taxonomy":"product_tag","embeddable":true,"href":"https:\/\/fluidsiq.com\/fr\/wp-json\/wp\/v2\/product_tag?post=12906"}],"curies":[{"name":"wp","href":"https:\/\/api.w.org\/{rel}","templated":true}]}}